{"id":115,"date":"2023-04-13T08:03:35","date_gmt":"2023-04-13T08:03:35","guid":{"rendered":"https:\/\/renew.mighty-krulz.si\/?page_id=115"},"modified":"2026-04-13T13:48:41","modified_gmt":"2026-04-13T11:48:41","slug":"poroke","status":"publish","type":"page","link":"https:\/\/www.renew.si\/en\/poroke\/","title":{"rendered":"Poroke"},"content":{"rendered":"<h1><img loading=\"lazy\" decoding=\"async\" class=\"alignnone\" src=\"https:\/\/www.renew.si\/wp-content\/uploads\/2023\/04\/F02D80CA-FB0C-4A6F-8C0F-A13801621EB5_JPG-1-1.jpg\" alt=\"\" width=\"454\" height=\"378\" \/><img decoding=\"async\" src=\"https:\/\/www.renew.si\/wp-content\/uploads\/2023\/04\/Spray-tan-1.svg\" alt=\"\" \/><\/h1>\n<ul>\n<li>Fast and easy application<\/li>\n<li>even tan<\/li>\n<li>Naravni odtenki za neveste<\/li>\n<li>Conceals pale skin<\/li>\n<li>Posebne barve za neveste Renew Bride<\/li>\n<\/ul>\n<p><strong>80\u20ac<\/strong> poro\u010dno teniranje \/ <strong>70\u20ac<\/strong> poskusno poro\u010dno teniranje<\/p>\n<p><strong><a href=\"https:\/\/form.lime-booking.com\/renew\"> Book an appointment \u00a0<\/a><\/strong>LOCATION: <strong>LJUBLJANA<\/strong> and <strong>CELJE<\/strong><\/p>\n<p>PORO\u010cNI SPRAY TAN: 12 let izku\u0161enj<\/p>\n<p data-start=\"71\" data-end=\"243\"><strong>Za vse neveste, ki si \u017eelite naravno in preverjeno re\u0161itev za prekrivanje bledkosti ko\u017ee \u2013 spray tan je odli\u010dna, hitra metoda, ki se popolnoma poda k posebni prilo\u017enosti.<\/strong><\/p>\n<p data-start=\"245\" data-end=\"443\">Renew ponuja posebej razvite odtenke, namenjene prav nevestam. So ne\u017eni do ko\u017ee, u\u010dinkovito prikrijejo bled videz, poudarijo li\u010dila in naredijo, da tvoja poro\u010dna obleka zasije v vsej svoji lepoti.<\/p>\n<p><img decoding=\"async\" class=\"aligncenter\" src=\"https:\/\/www.renew.si\/wp-content\/uploads\/2023\/04\/241314465_238816364833611_447318929732064735_n-1-1.jpg\" alt=\"\" \/><\/p>\n<p><img loading=\"lazy\" decoding=\"async\" class=\"aligncenter\" src=\"https:\/\/www.renew.si\/wp-content\/uploads\/2023\/05\/119479414_139622474500354_9108983231754539780_n-1.jpg\" alt=\"\" width=\"499\" height=\"332\" \/><\/p>\n<h1>Why do brides choose spray tan?<\/h1>\n<h3 data-start=\"72\" data-end=\"130\">Primerna tudi za neveste s svetlo poltjo (tudi pozimi)<\/h3>\n<ul data-start=\"132\" data-end=\"492\">\n<li data-start=\"132\" data-end=\"203\">\n<p data-start=\"134\" data-end=\"203\">Naravna barva, ki ne\u017eno skrije bledo ko\u017eo, brez nenaravnega u\u010dinka.<\/p>\n<\/li>\n<li data-start=\"204\" data-end=\"253\">\n<p data-start=\"206\" data-end=\"253\">Varna porjavitev, primerna tudi za nose\u010dnice.<\/p>\n<\/li>\n<li data-start=\"254\" data-end=\"343\">\n<p data-start=\"256\" data-end=\"343\">Razvili smo posebno formulo, ki ne pu\u0161\u010da lis na beli obleki \u2013 popolna za poro\u010dni dan.<\/p>\n<\/li>\n<li data-start=\"344\" data-end=\"411\">\n<p data-start=\"346\" data-end=\"411\">Barva ne\u017eno poudari obraz in izbolj\u0161a videz poro\u010dnega make-upa.<\/p>\n<\/li>\n<li data-start=\"412\" data-end=\"492\">\n<p data-start=\"414\" data-end=\"492\">Idealno za dekleta, ki \u017eelijo u\u010dinkovito prekriti strije, kapilare in celulit.<\/p>\n<\/li>\n<\/ul>\n<p><a href=\"\/en\/amelia\/\"> BOOK YOUR APPOINTMENT <\/a><\/p>\n<h1>Why choose spray tan?<\/h1>\n<p><img decoding=\"async\" src=\"https:\/\/www.renew.si\/wp-content\/uploads\/2023\/04\/Frame-9.svg\" alt=\"\" \/><\/p>\n<p>Specially suitable for the wedding day<\/p>\n<p>MANDATORY TRIAL<br \/>For bridal tanning, the bride schedules a trial appointment 2-4 weeks before the tanning session<\/p>\n<p><img decoding=\"async\" src=\"https:\/\/www.renew.si\/wp-content\/uploads\/2023\/04\/Frame-10-1-e1681307121324.png\" alt=\"\" \/><\/p>\n<p>BREZ LIS IN MADE\u017dEV!\u200b<\/p>\n<p>Special Premium Renew color for brides, which conceals pale skin and has a gentle shade specifically for brides<\/p>\n<p><img decoding=\"async\" src=\"https:\/\/www.renew.si\/wp-content\/uploads\/2023\/04\/Frame-11.svg\" alt=\"\" \/><\/p>\n<p>NARAVNE IN VARNE SESTAVINE<\/p>\n<p>The products are not tested on animals and are 100% natural.<br \/>100% DHL &#8211; glavna sestavina<\/p>\n<p><img loading=\"lazy\" decoding=\"async\" class=\"\" src=\"https:\/\/www.renew.si\/wp-content\/uploads\/2023\/04\/Group-183-1-1.png\" alt=\"\" width=\"130\" height=\"191\" \/><br \/>WE DO IT ALL FOR YOU!<\/p>\n<p>No surprises on your wedding day. Our experts will ensure a beautiful tan shade for you.<\/p>\n<p><img loading=\"lazy\" decoding=\"async\" class=\"\" src=\"https:\/\/www.renew.si\/wp-content\/uploads\/2023\/04\/Zadovoljne-stranke.svg\" alt=\"\" width=\"293\" height=\"151\" \/><\/p>\n<p><a href=\"https:\/\/form.lime-booking.com\/renew\"> BOOK YOUR APPOINTMENT <\/a><\/p>\n<p><a href=\"https:\/\/www.renew.si\/wp-content\/uploads\/2023\/05\/image00001-1.jpeg\"> <img loading=\"lazy\" decoding=\"async\" class=\"\" src=\"https:\/\/www.renew.si\/wp-content\/uploads\/2023\/05\/image00001-1-837x1024.jpeg\" alt=\"\" width=\"224\" height=\"274\" \/> <\/a> <a href=\"https:\/\/www.renew.si\/wp-content\/uploads\/2023\/05\/image00002-1.jpeg\"> <img loading=\"lazy\" decoding=\"async\" class=\"\" src=\"https:\/\/www.renew.si\/wp-content\/uploads\/2023\/05\/image00002-1-639x1024.jpeg\" alt=\"\" width=\"178\" height=\"285\" \/> <\/a> <a href=\"https:\/\/www.renew.si\/wp-content\/uploads\/2023\/05\/image00009-1.jpeg\"> <img loading=\"lazy\" decoding=\"async\" class=\"\" src=\"https:\/\/www.renew.si\/wp-content\/uploads\/2023\/05\/image00009-1-978x1024.jpeg\" alt=\"\" width=\"258\" height=\"270\" \/> <\/a> <a href=\"https:\/\/www.renew.si\/wp-content\/uploads\/2023\/05\/image00011-1.jpeg\"> <img loading=\"lazy\" decoding=\"async\" class=\"\" src=\"https:\/\/www.renew.si\/wp-content\/uploads\/2023\/05\/image00011-1-879x1024.jpeg\" alt=\"\" width=\"240\" height=\"279\" \/> <\/a> <a href=\"https:\/\/www.renew.si\/wp-content\/uploads\/2023\/05\/image00012-1.jpeg\"> <img loading=\"lazy\" decoding=\"async\" class=\"\" src=\"https:\/\/www.renew.si\/wp-content\/uploads\/2023\/05\/image00012-1-886x1024.jpeg\" alt=\"\" width=\"266\" height=\"307\" \/> <\/a> <a href=\"https:\/\/www.renew.si\/wp-content\/uploads\/2023\/05\/image00013-1.jpeg\"> <img loading=\"lazy\" decoding=\"async\" class=\"\" src=\"https:\/\/www.renew.si\/wp-content\/uploads\/2023\/05\/image00013-1-826x1024.jpeg\" alt=\"\" width=\"242\" height=\"300\" \/> <\/a><\/p>\n<h1>It is important to know and consider<\/h1>\n<h2 data-start=\"117\" data-end=\"156\">Kaj je teniranje telesa \/ Spray Tan?<\/h2>\n<p data-start=\"158\" data-end=\"346\">Teniranje telesa je varen in inovativen na\u010din za pridobitev naravne zagorelosti. S spray tanom se na povrhnjico ko\u017ee nanese barva, ki takoj ustvari sijo\u010d in naraven videz zagorele polti.<\/p>\n<p data-start=\"348\" data-end=\"618\">Spray tan je najvarnej\u0161i in najmodernej\u0161i postopek porjavitve, ki omogo\u010da ohranjanje zagorelosti vse do zimskih dni \u2013 brez obiska solarija ali pretiranega izpostavljanja soncu. Pri Renewu imamo ve\u010d kot 8 let izku\u0161enj, kar zagotavlja profesionalno in kakovostno storitev.<\/p>\n<hr data-start=\"620\" data-end=\"623\" \/>\n<h2 data-start=\"625\" data-end=\"671\">Zakaj izbrati teniranje telesa \/ Spray Tan?<\/h2>\n<p data-start=\"673\" data-end=\"770\">Spray tan ne le zagotavlja enakomerno porjavitev, temve\u010d re\u0161uje \u0161tevilne te\u017eave s ko\u017eo, kot so: bleda polt, pigmentni made\u017ei, pege, akne in strije.<\/p>\n<ul data-start=\"866\" data-end=\"1221\">\n<li data-start=\"866\" data-end=\"921\">\n<p data-start=\"868\" data-end=\"921\">Naraven in zdrav videz ko\u017ee brez oran\u017enih odtenkov,<\/p>\n<\/li>\n<li data-start=\"922\" data-end=\"957\">\n<p data-start=\"924\" data-end=\"957\">Enakomerna porjavitev brez lis,<\/p>\n<\/li>\n<li data-start=\"958\" data-end=\"993\">\n<p data-start=\"960\" data-end=\"993\">Hitro su\u0161enje in prijeten vonj,<\/p>\n<\/li>\n<li data-start=\"994\" data-end=\"1024\">\n<p data-start=\"996\" data-end=\"1024\">Primeren za vse tipe ko\u017ee,<\/p>\n<\/li>\n<li data-start=\"1025\" data-end=\"1069\">\n<p data-start=\"1027\" data-end=\"1069\">Barva se postopoma in enakomerno izpira,<\/p>\n<\/li>\n<li data-start=\"1070\" data-end=\"1114\">\n<p data-start=\"1072\" data-end=\"1114\">Ve\u010d kot 50 % prekrije strije in celulit,<\/p>\n<\/li>\n<li data-start=\"1115\" data-end=\"1178\">\n<p data-start=\"1117\" data-end=\"1178\">Barva se nana\u0161a samo na povrhnjico, zato ne po\u0161koduje ko\u017ee,<\/p>\n<\/li>\n<li data-start=\"1179\" data-end=\"1221\">\n<p data-start=\"1181\" data-end=\"1221\">Sama izberete intenzivnost porjavelosti.<\/p>\n<\/li>\n<\/ul>\n<hr data-start=\"1223\" data-end=\"1226\" \/>\n<h2 data-start=\"1228\" data-end=\"1250\">Navodila za nevesto<\/h2>\n<ul data-start=\"1252\" data-end=\"2027\">\n<li data-start=\"1252\" data-end=\"1341\">\n<p data-start=\"1254\" data-end=\"1341\">Dva dni pred spray tanom opravite piling telesa z grobimi delci (ne na oljni osnovi).<\/p>\n<\/li>\n<li data-start=\"1342\" data-end=\"1410\">\n<p data-start=\"1344\" data-end=\"1410\">Na termin pridite stu\u0161irani, brez li\u010dil, deodoranta in parfumov.<\/p>\n<\/li>\n<li data-start=\"1411\" data-end=\"1496\">\n<p data-start=\"1413\" data-end=\"1496\">Depilacijo opravite vsaj 24 ur pred spray tanom (ne uporabljajte grobih britvic).<\/p>\n<\/li>\n<li data-start=\"1497\" data-end=\"1544\">\n<p data-start=\"1499\" data-end=\"1544\">Po nanosu oblecite temna, ohlapna obla\u010dila.<\/p>\n<\/li>\n<li data-start=\"1545\" data-end=\"1631\">\n<p data-start=\"1547\" data-end=\"1631\">Priporo\u010damo termine v ve\u010dernih urah, da se izognete potenju in drugim aktivnostim.<\/p>\n<\/li>\n<li data-start=\"1632\" data-end=\"1700\">\n<p data-start=\"1634\" data-end=\"1700\">Po nanosu ne prhanje vsaj 8 ur (najbolje naslednji dan zjutraj).<\/p>\n<\/li>\n<li data-start=\"1701\" data-end=\"1775\">\n<p data-start=\"1703\" data-end=\"1775\">Tu\u0161irajte se z mla\u010dno vodo, ko\u017ee ne drgnite, temve\u010d jo ne\u017eno tapkajte.<\/p>\n<\/li>\n<li data-start=\"1776\" data-end=\"1854\">\n<p data-start=\"1778\" data-end=\"1854\">Ko\u017eo redno vla\u017eite z Renew maslom za podalj\u0161anje obstojnosti porjavelosti.<\/p>\n<\/li>\n<li data-start=\"1900\" data-end=\"2027\">\n<p data-start=\"1902\" data-end=\"2027\">Obraz lahko tenirate skupaj s telesom ali uporabite na\u0161o Unisex glow vodico za obraz, ki poudari li\u010dila in skrije bledo polt.<\/p>\n<\/li>\n<\/ul>\n<hr data-start=\"2029\" data-end=\"2032\" \/>\n<h2 data-start=\"2034\" data-end=\"2054\">Je proba obvezna?<\/h2>\n<p data-start=\"2056\" data-end=\"2265\">Da, ker vsaka ko\u017ea reagira druga\u010de. Proba vam omogo\u010da, da vidite, kako barva deluje na va\u0161i ko\u017ei, kako se izpira, in se pripravite na poro\u010dni dan brez presene\u010denj. Probo priporo\u010damo vsaj 2\u20133 tedne pred poroko.<\/p>\n<hr data-start=\"2267\" data-end=\"2270\" \/>\n<h2 data-start=\"2272\" data-end=\"2298\">Priprava ko\u017ee in piling<\/h2>\n<p data-start=\"2300\" data-end=\"2531\">Za popolno in enakomerno porjavitev je pravilna priprava ko\u017ee klju\u010dnega pomena.\u00a0<\/p>\n<hr data-start=\"2533\" data-end=\"2536\" \/>\n<h2 data-start=\"2538\" data-end=\"2579\">Na\u0161e profesionalne barve Renew Premium<\/h2>\n<p data-start=\"2581\" data-end=\"2816\">Smo vodilni ponudnik spray tan storitev v Sloveniji z lastno linijo profesionalnih barv Renew Premium. Na\u0161e barve vsebujejo 100 % naravno DHA, organske in naravne sestavine, antioksidante ter vla\u017eilna olja, ki ko\u017eo negujejo in \u0161\u010ditijo.<\/p>\n<ul data-start=\"2838\" data-end=\"3042\">\n<li data-start=\"2838\" data-end=\"2898\">\n<p data-start=\"2840\" data-end=\"2898\">Naravna barva brez lis in made\u017eev, ki skrije bledo ko\u017eo,<\/p>\n<\/li>\n<li data-start=\"2899\" data-end=\"2929\">\n<p data-start=\"2901\" data-end=\"2929\">Barva se razvije v 6 urah,<\/p>\n<\/li>\n<li data-start=\"2930\" data-end=\"2974\">\n<p data-start=\"2932\" data-end=\"2974\">Obvezna navodila za nego po spray tan-u,<\/p>\n<\/li>\n<li data-start=\"2975\" data-end=\"3042\">\n<p data-start=\"2977\" data-end=\"3042\">Priporo\u010damo uporabo na\u0161ega Renew masla za dolgotrajno obstojnost.<\/p>\n<\/li>\n<\/ul>\n<hr data-start=\"3044\" data-end=\"3047\" \/>\n<h2 data-start=\"3049\" data-end=\"3081\">Trajanje barve in vzdr\u017eevanje<\/h2>\n<p data-start=\"3083\" data-end=\"3271\">Obstojnost barve je odvisna od va\u0161ega tipa ko\u017ee, priprave ko\u017ee, aktivnosti in nege. Povpre\u010dno barva zdr\u017ei od 7 do 10 dni, pri nekaterih tudi do 15 dni. Barva se enakomerno izpira brez lis.<\/p>\n<hr data-start=\"3273\" data-end=\"3276\" \/>\n<p data-start=\"3300\" data-end=\"3457\"><strong data-start=\"3300\" data-end=\"3340\">Strah pred oran\u017eno barvo ali lisami?<\/strong><br data-start=\"3340\" data-end=\"3343\" \/>Ne skrbite, na\u0161e naravne barve se izpirajo enakomerno in ne pu\u0161\u010dajo oran\u017enih odtenkov. Pri nas ste v varnih rokah.<\/p>\n<p><img loading=\"lazy\" decoding=\"async\" class=\"\" src=\"https:\/\/www.renew.si\/wp-content\/uploads\/2023\/04\/Rectangle-79-1.jpg\" alt=\"\" width=\"187\" height=\"108\" \/><img loading=\"lazy\" decoding=\"async\" class=\"\" src=\"https:\/\/www.renew.si\/wp-content\/uploads\/2023\/04\/Rectangle-80-1.jpg\" alt=\"\" width=\"186\" height=\"108\" \/><img loading=\"lazy\" decoding=\"async\" class=\"\" src=\"https:\/\/www.renew.si\/wp-content\/uploads\/2023\/04\/Rectangle-81-1.jpg\" alt=\"\" width=\"188\" height=\"109\" \/><\/p>\n<h2 data-start=\"76\" data-end=\"122\">Sem zelo svetla \u2013 kako izbrati pravo barvo?<\/h2>\n<p data-start=\"124\" data-end=\"231\">Pri Renewu imamo \u0161irok izbor naravnih odtenkov, ki jih prilagodimo posebej po tvojih \u017eeljah in tipu ko\u017ee.<\/p>\n<ul data-start=\"233\" data-end=\"438\">\n<li data-start=\"233\" data-end=\"284\">\n<p data-start=\"235\" data-end=\"284\">Naravni, ne\u017eni odtenki, ki skrijejo bledo polt.<\/p>\n<\/li>\n<li data-start=\"285\" data-end=\"341\">\n<p data-start=\"287\" data-end=\"341\">Barva poudari tvoj obraz in naredi make-up \u0161e lep\u0161i.<\/p>\n<\/li>\n<li data-start=\"342\" data-end=\"374\">\n<p data-start=\"344\" data-end=\"374\">Ne pu\u0161\u010da sledi na obla\u010dilih.<\/p>\n<\/li>\n<li data-start=\"375\" data-end=\"438\">\n<p data-start=\"377\" data-end=\"438\">Barvo izberemo skupaj na terminu, da bo popolnoma primerna.<\/p>\n<\/li>\n<\/ul>\n<p>Pomembno: barva naj ne bo pretemna, \u0161e posebej ker bo\u0161 na fotografijah obkro\u017eena z ljudmi, ki imajo svetlej\u0161o polt.<\/p>\n<p><a href=\"https:\/\/form.lime-booking.com\/renew\"> BOOK HERE <\/a><\/p>\n<p><img decoding=\"async\" src=\"https:\/\/www.renew.si\/wp-content\/uploads\/2023\/04\/f3b3d5_8028bdb8fdc8434fa9dc9b624b299359_mv2-1-2-1.jpg\" alt=\"\" \/><\/p>\n<p><img decoding=\"async\" src=\"https:\/\/www.renew.si\/wp-content\/uploads\/2023\/04\/102363073_303665643980315_8164206551321435589_n-1-1.jpg\" alt=\"\" \/><\/p>\n<p><img decoding=\"async\" src=\"https:\/\/www.renew.si\/wp-content\/uploads\/2023\/04\/f3b3d5_38f133230d7c4260a84fec3d9253af1d_mv2-2-1.jpg\" alt=\"\" \/><\/p>\n<p>You can find more on our Instagram profile <a style=\"font-size: revert; font-family: -apple-system, BlinkMacSystemFont, 'Segoe UI', Roboto, Oxygen-Sans, Ubuntu, Cantarell, 'Helvetica Neue', sans-serif;\" href=\"https:\/\/www.instagram.com\/spraytan_renew\/?hl=en\">@spraytan_renew<\/a><\/p>\n\n\n<p><\/p>","protected":false},"excerpt":{"rendered":"<p>Hiter in enostaven nanos Enakomerna porjavitev Naravni odtenki za neveste Skrije bledo ko\u017eo Posebne barve za neveste Renew Bride 80\u20ac poro\u010dno teniranje \/ 70\u20ac poskusno poro\u010dno teniranje Rezerviraj termin \u00a0LOKACIJE: LJUBLJANA in CELJE PORO\u010cNI SPRAY TAN: 12 let izku\u0161enj Za vse neveste, ki si \u017eelite naravno in preverjeno re\u0161itev za prekrivanje bledkosti ko\u017ee \u2013 spray [&hellip;]<\/p>\n","protected":false},"author":2,"featured_media":0,"parent":0,"menu_order":0,"comment_status":"closed","ping_status":"closed","template":"","meta":{"_breakdance_hide_in_design_set":false,"_breakdance_tags":"","footnotes":""},"class_list":["post-115","page","type-page","status-publish","hentry"],"_links":{"self":[{"href":"https:\/\/www.renew.si\/en\/wp-json\/wp\/v2\/pages\/115","targetHints":{"allow":["GET"]}}],"collection":[{"href":"https:\/\/www.renew.si\/en\/wp-json\/wp\/v2\/pages"}],"about":[{"href":"https:\/\/www.renew.si\/en\/wp-json\/wp\/v2\/types\/page"}],"author":[{"embeddable":true,"href":"https:\/\/www.renew.si\/en\/wp-json\/wp\/v2\/users\/2"}],"replies":[{"embeddable":true,"href":"https:\/\/www.renew.si\/en\/wp-json\/wp\/v2\/comments?post=115"}],"version-history":[{"count":58,"href":"https:\/\/www.renew.si\/en\/wp-json\/wp\/v2\/pages\/115\/revisions"}],"predecessor-version":[{"id":5651,"href":"https:\/\/www.renew.si\/en\/wp-json\/wp\/v2\/pages\/115\/revisions\/5651"}],"wp:attachment":[{"href":"https:\/\/www.renew.si\/en\/wp-json\/wp\/v2\/media?parent=115"}],"curies":[{"name":"wp","href":"https:\/\/api.w.org\/{rel}","templated":true}]}}