{"id":1285,"date":"2023-07-04T11:40:23","date_gmt":"2023-07-04T09:40:23","guid":{"rendered":"https:\/\/renew.mighty-krulz.si\/?page_id=1285"},"modified":"2023-07-04T11:45:47","modified_gmt":"2023-07-04T09:45:47","slug":"o-meni","status":"publish","type":"page","link":"https:\/\/www.renew.si\/en\/o-meni\/","title":{"rendered":"O meni"},"content":{"rendered":"<section class=\"bde-section-1285-100 bde-section\">\n  \n  \n\t\n\n\n\n<div class=\"section-container\"><h1 class=\"bde-heading-1285-107 bde-heading\">\nO meni\n<\/h1><div class=\"bde-columns-1285-101 bde-columns\"><div class=\"bde-column-1285-102 bde-column\">\n  \n  \n\t\n\n\n\n<div class=\"bde-image-1285-104 bde-image\">\n<figure class=\"breakdance-image breakdance-image--1287\">\n\t<div class=\"breakdance-image-container\">\n\t\t<div class=\"breakdance-image-clip\"><img loading=\"lazy\" decoding=\"async\" class=\"breakdance-image-object\" src=\"https:\/\/www.renew.si\/wp-content\/uploads\/2023\/07\/zgodba-alin-scaled.jpeg\" width=\"1707\" height=\"2560\" srcset=\"https:\/\/www.renew.si\/wp-content\/uploads\/2023\/07\/zgodba-alin-scaled.jpeg 1707w, https:\/\/www.renew.si\/wp-content\/uploads\/2023\/07\/zgodba-alin-200x300.jpeg 200w, https:\/\/www.renew.si\/wp-content\/uploads\/2023\/07\/zgodba-alin-683x1024.jpeg 683w, https:\/\/www.renew.si\/wp-content\/uploads\/2023\/07\/zgodba-alin-768x1152.jpeg 768w, https:\/\/www.renew.si\/wp-content\/uploads\/2023\/07\/zgodba-alin-1024x1536.jpeg 1024w, https:\/\/www.renew.si\/wp-content\/uploads\/2023\/07\/zgodba-alin-1365x2048.jpeg 1365w, https:\/\/www.renew.si\/wp-content\/uploads\/2023\/07\/zgodba-alin-600x900.jpeg 600w\" sizes=\"auto, (max-width: 1707px) 100vw, 1707px\"><\/div>\n\t<\/div><\/figure>\n\n<\/div>\n<\/div><div class=\"bde-column-1285-103 bde-column\">\n  \n  \n\t\n\n\n\n<div class=\"bde-text-1285-105 bde-text\">\nV najstni\u0161kih letih nisem mogla dose\u010di \"poson\u010denega\" videza, ki so ga brez truda imele moje prijateljice. Sem zelo svetle polti in vedno, ko sem bila na soncu, se mi je pojavila alergija, ko\u017ea pa je bila rde\u010da in ope\u010dena. Kasneje sem spoznala, kako \u0161kodljivo je sonce za mojo ko\u017eo in sprejela svojo bledo polt ter se osredoto\u010dila na zdravje ko\u017ee, namesto da bi jo posku\u0161ala spremeniti. <br><br>Zelo sem se posvetila raziskovanju kozmeti\u010dnih izdelkov in negi ko\u017ee, saj imam ob\u010dutljivo ko\u017eo. Med iskanjem produktov za nego ko\u017ee sem naletela na spray tan. Veliko zgodb sem sli\u0161ala o oran\u017enih in lisastih rezultatih, vendar sem tvegala in se naro\u010dila na termin. Na moje presene\u010denje je bil rezultat fantasti\u010den! Moja ko\u017ea je bila videti naravno porjavela in zdrava. Po\u010dutila sem se bolj samozavestno kot kdaj koli prej. Od tistega dne naprej sem redno hodila na teniranje telesa za posebne prilo\u017enosti. Ustvarila sem ra\u010dun na dru\u017eabnem omre\u017eju, kjer sem svoje trike delila z drugimi, ki imajo podobno \u00bbproblemati\u010dno\u00ab ko\u017eo in zelo svetel podton. Hkrati pa sem imela sanje o ustanovitvi lastnega podjetja. \u017delela sem si delati zase, ter najti nekaj, kar me veseli. <br><br>V spray tanu sem videla mo\u017enost, da pomagam tudi drugim. Spodbujala sem bolj zdravo alternativo tradicionalnim metodam son\u010denja. Zaljubila sem se v to inovacijo in za\u010dela raziskovati vse, kar sem na\u0161la o spray tanu. \u017delela sem izvedeti vse informacije in trike za ustvarjanje popolne porjavelosti, saj v Sloveniji te metode porjavitve niso poznali. Po usposabljanju z najbolj\u0161imi imeni v industriji teniranja telesa sem sama za\u010dela tr\u017eiti storitev.  Po pridobitvi certifikata sem za\u010dela delati v majhnem obsegu, vendar pa se je glas \u0161iril od ust do ust. Odzivi zadovoljnih strank na \u00bbnovo zagorelo ko\u017eo\u00ab, je bila vsa motivacija, ki sem jo potrebovala. <br><br>Sedaj, deset let po tem, ko sem prvi\u010d poskusila spray tan, lahko s ponosom re\u010dem, da je moje podjetje pomagalo ne\u0161tetim \u017eenskam, da se po\u010dutijo bolj samozavestne in lepe. Svoj prvi salon sem najela pri 20 letih v Celju. \u0160e naprej sem se u\u010dila in izbolj\u0161evala svoje tehnike z\u00a0\n<\/div>\n<\/div><\/div><div class=\"bde-text-1285-106 bde-text\">\nobiskovanjem izobra\u017eevanj in delavnic v tujini. Pri 26 letih sem dobila tudi diplomi iz ekonomije in kozmetike. Ob salonu sem imela \u0161e sve slu\u017ebi, ki sem jih pustila in se povetila samo spray tanu. Pri\u0161el je tudi \u010das za \u0161iritev ekipe. Iskala sem ljudi, ki so delili mojo strast do pomo\u010di drugim in imeli enako delovno etiko kot jaz. Z rastjo moje ekipe se je \u0161iril tudi na\u0161 doseg po Sloveniji. Raz\u0161irili smo storitve in za\u010deli ponujati delavnice za salone. Potem pa se je zgodil \u0161ok. Imeli smo najetih 12 razli\u010dnih lokacij po Sloveniji in smo morali vse salone v \u010dasu sezone zapreti, ker se je za\u010del Covid. Kljub izzivom smo nadaljevali z inovacijami in prilagajanjem trgu. Za\u010deli smo z razvojem lastnih izdelkov in sama sem izdelala spletno trgovino www.renew.si. <br><br>Povpra\u0161evanje po izdelkih je postalo ve\u010dje kot kadar koli prej. Ustvarili smo zelo kakovostne izdelke svoje linije barv za spray tan. Tako sem za\u010dela ponujati te\u010daje usposabljanja za druge salone ter deliti svoje znanje in izku\u0161nje na podro\u010dju porjavitve s spray tanom in poslovnega vodenja. <br><br>Ponosna sem, da sem zgradila podjetje, ki \u017eenskam omogo\u010da, da se po\u010dutijo samozavestne in lepe v svoji ko\u017ei. Pomagali smo stotinam ljudi premagati njihove te\u017eave in izbolj\u0161ati svoje zdravje. Danes se moje stanke ne poslu\u017eujejo ve\u010d pretiranemu son\u010denju in uporabi solarijev, ker imajo kvalitetne izdelke in profesionalen spray tan.\n<\/div><\/div>\n<\/section>","protected":false},"excerpt":{"rendered":"<p>O meni V najstni\u0161kih letih nisem mogla dose\u010di &#8220;poson\u010denega&#8221; videza, ki so ga brez truda imele moje prijateljice. Sem zelo svetle polti in vedno, ko sem bila na soncu, se mi je pojavila alergija, ko\u017ea pa je bila rde\u010da in ope\u010dena. Kasneje sem spoznala, kako \u0161kodljivo je sonce za mojo ko\u017eo in sprejela svojo bledo [&hellip;]<\/p>\n","protected":false},"author":2,"featured_media":0,"parent":0,"menu_order":0,"comment_status":"closed","ping_status":"closed","template":"","meta":{"_breakdance_hide_in_design_set":false,"_breakdance_tags":"","footnotes":""},"class_list":["post-1285","page","type-page","status-publish","hentry"],"_links":{"self":[{"href":"https:\/\/www.renew.si\/en\/wp-json\/wp\/v2\/pages\/1285","targetHints":{"allow":["GET"]}}],"collection":[{"href":"https:\/\/www.renew.si\/en\/wp-json\/wp\/v2\/pages"}],"about":[{"href":"https:\/\/www.renew.si\/en\/wp-json\/wp\/v2\/types\/page"}],"author":[{"embeddable":true,"href":"https:\/\/www.renew.si\/en\/wp-json\/wp\/v2\/users\/2"}],"replies":[{"embeddable":true,"href":"https:\/\/www.renew.si\/en\/wp-json\/wp\/v2\/comments?post=1285"}],"version-history":[{"count":4,"href":"https:\/\/www.renew.si\/en\/wp-json\/wp\/v2\/pages\/1285\/revisions"}],"predecessor-version":[{"id":1290,"href":"https:\/\/www.renew.si\/en\/wp-json\/wp\/v2\/pages\/1285\/revisions\/1290"}],"wp:attachment":[{"href":"https:\/\/www.renew.si\/en\/wp-json\/wp\/v2\/media?parent=1285"}],"curies":[{"name":"wp","href":"https:\/\/api.w.org\/{rel}","templated":true}]}}