{"id":135,"date":"2023-04-13T12:10:09","date_gmt":"2023-04-13T12:10:09","guid":{"rendered":"https:\/\/renew.mighty-krulz.si\/?page_id=135"},"modified":"2025-09-04T19:01:01","modified_gmt":"2025-09-04T17:01:01","slug":"kontakt","status":"publish","type":"page","link":"https:\/\/www.renew.si\/en\/kontakt\/","title":{"rendered":"CONTACT US"},"content":{"rendered":"<section class=\"bde-section-135-100 bde-section\">\n  \n  \n\t\n\n\n\n<div class=\"section-container\"><h1 class=\"bde-heading-135-102 bde-heading\">\nKontaktirajte me\n<\/h1><div class=\"bde-text-135-103 bde-text\">\nImate vpra\u0161anje o  storitvah, izdelkih, te\u010dajih ali me \u017eelite le<br> pozdraviti? Pi\u0161ite mi, odgovorila vam bomo v najkraj\u0161em<br> mo\u017enem \u010dasu \ud83e\udd0d\n<\/div><\/div>\n<\/section><section class=\"bde-section-135-106 bde-section\">\n  \n  \n\t\n\n\n\n<div class=\"section-container\"><div class=\"bde-div-135-107 bde-div\">\n  \n  \n\t\n\n\n\n<div class=\"bde-div-135-108 bde-div\">\n  \n  \n\t\n\n\n\n<div class=\"bde-icon-135-109 bde-icon\">\n\n    \n                    \n            \n            \n\n    \n    \n    \n    \n    \n    <a class=\"breakdance-link bde-icon-icon breakdance-icon-atom\" href=\"mailto:alin@renew.si?subject=&body=\" target=\"_self\" data-type=\"contact\"  >\n\n    \n                    <svg xmlns=\"http:\/\/www.w3.org\/2000\/svg\" width=\"60\" height=\"60\" viewBox=\"0 0 60 60\" fill=\"none\">\r\n<path d=\"M42.5 51.25H17.5C10 51.25 5 47.5 5 38.75V21.25C5 12.5 10 8.75 17.5 8.75H42.5C50 8.75 55 12.5 55 21.25V38.75C55 47.5 50 51.25 42.5 51.25Z\" stroke=\"url(#paint0_linear_215_5080)\" stroke-width=\"2\" stroke-miterlimit=\"10\" stroke-linecap=\"round\" stroke-linejoin=\"round\"\/>\r\n<path d=\"M42.5 22.5L34.675 28.75C32.1 30.8 27.875 30.8 25.3 28.75L17.5 22.5\" stroke=\"url(#paint1_linear_215_5080)\" stroke-width=\"2\" stroke-miterlimit=\"10\" stroke-linecap=\"round\" stroke-linejoin=\"round\"\/>\r\n<defs>\r\n<linearGradient id=\"paint0_linear_215_5080\" x1=\"4.73973\" y1=\"9.37956\" x2=\"62.4744\" y2=\"32.9488\" gradientUnits=\"userSpaceOnUse\">\r\n<stop stop-color=\"#ECB7AA\"\/>\r\n<stop offset=\"0.23\" stop-color=\"#CC9185\"\/>\r\n<stop offset=\"0.41\" stop-color=\"#F4CBC1\"\/>\r\n<stop offset=\"0.59\" stop-color=\"#F1BCAF\"\/>\r\n<stop offset=\"0.77\" stop-color=\"#CC9185\"\/>\r\n<stop offset=\"1\" stop-color=\"#ECA293\"\/>\r\n<\/linearGradient>\r\n<linearGradient id=\"paint1_linear_215_5080\" x1=\"17.3699\" y1=\"22.6154\" x2=\"32.3987\" y2=\"39.3569\" gradientUnits=\"userSpaceOnUse\">\r\n<stop stop-color=\"#ECB7AA\"\/>\r\n<stop offset=\"0.23\" stop-color=\"#CC9185\"\/>\r\n<stop offset=\"0.41\" stop-color=\"#F4CBC1\"\/>\r\n<stop offset=\"0.59\" stop-color=\"#F1BCAF\"\/>\r\n<stop offset=\"0.77\" stop-color=\"#CC9185\"\/>\r\n<stop offset=\"1\" stop-color=\"#ECA293\"\/>\r\n<\/linearGradient>\r\n<\/defs>\r\n<\/svg>\n        \n        \n        \n                <\/a>\n\n    \n\n\n<\/div><a class=\"bde-container-link-135-117 bde-container-link breakdance-link\" href=\"mailto:INFO@RENEW.SI?subject=&amp;body=\" target=\"_self\" data-type=\"contact\">\n  \n  \n\t\n\n\n\n<div class=\"bde-text-135-110 bde-text\">\nalin@RENEW.SI\n<\/div>\n\n<\/a>\n<\/div><div class=\"bde-div-135-111 bde-div\">\n  \n  \n\t\n\n\n\n<div class=\"bde-icon-135-112 bde-icon\">\n\n    \n                    \n            \n            \n\n    \n    \n    \n    \n    \n    <a class=\"breakdance-link bde-icon-icon breakdance-icon-atom\" href=\"tel:+386 31 788 887\" target=\"_self\" data-type=\"contact\"  >\n\n    \n                    <svg xmlns=\"http:\/\/www.w3.org\/2000\/svg\" width=\"60\" height=\"60\" viewBox=\"0 0 60 60\" fill=\"none\">\r\n<path d=\"M54.925 45.825C54.925 46.725 54.725 47.65 54.3 48.55C53.875 49.45 53.325 50.3 52.6 51.1C51.375 52.45 50.025 53.425 48.5 54.05C47 54.675 45.375 55 43.625 55C41.075 55 38.35 54.4 35.475 53.175C32.6 51.95 29.725 50.3 26.875 48.225C24 46.125 21.275 43.8 18.675 41.225C16.1 38.625 13.775 35.9 11.7 33.05C9.65 30.2 8 27.35 6.8 24.525C5.6 21.675 5 18.95 5 16.35C5 14.65 5.3 13.025 5.9 11.525C6.5 10 7.45 8.6 8.775 7.35C10.375 5.775 12.125 5 13.975 5C14.675 5 15.375 5.15 16 5.45C16.65 5.75 17.225 6.2 17.675 6.85L23.475 15.025C23.925 15.65 24.25 16.225 24.475 16.775C24.7 17.3 24.825 17.825 24.825 18.3C24.825 18.9 24.65 19.5 24.3 20.075C23.975 20.65 23.5 21.25 22.9 21.85L21 23.825C20.725 24.1 20.6 24.425 20.6 24.825C20.6 25.025 20.625 25.2 20.675 25.4C20.75 25.6 20.825 25.75 20.875 25.9C21.325 26.725 22.1 27.8 23.2 29.1C24.325 30.4 25.525 31.725 26.825 33.05C28.175 34.375 29.475 35.6 30.8 36.725C32.1 37.825 33.175 38.575 34.025 39.025C34.15 39.075 34.3 39.15 34.475 39.225C34.675 39.3 34.875 39.325 35.1 39.325C35.525 39.325 35.85 39.175 36.125 38.9L38.025 37.025C38.65 36.4 39.25 35.925 39.825 35.625C40.4 35.275 40.975 35.1 41.6 35.1C42.075 35.1 42.575 35.2 43.125 35.425C43.675 35.65 44.25 35.975 44.875 36.4L53.15 42.275C53.8 42.725 54.25 43.25 54.525 43.875C54.775 44.5 54.925 45.125 54.925 45.825Z\" stroke=\"url(#paint0_linear_215_5081)\" stroke-width=\"2\" stroke-miterlimit=\"10\"\/>\r\n<defs>\r\n<linearGradient id=\"paint0_linear_215_5081\" x1=\"4.74012\" y1=\"5.74066\" x2=\"64.7871\" y2=\"26.5457\" gradientUnits=\"userSpaceOnUse\">\r\n<stop stop-color=\"#ECB7AA\"\/>\r\n<stop offset=\"0.23\" stop-color=\"#CC9185\"\/>\r\n<stop offset=\"0.41\" stop-color=\"#F4CBC1\"\/>\r\n<stop offset=\"0.59\" stop-color=\"#F1BCAF\"\/>\r\n<stop offset=\"0.77\" stop-color=\"#CC9185\"\/>\r\n<stop offset=\"1\" stop-color=\"#ECA293\"\/>\r\n<\/linearGradient>\r\n<\/defs>\r\n<\/svg>\n        \n        \n        \n                <\/a>\n\n    \n\n\n<\/div><a class=\"bde-container-link-135-118 bde-container-link breakdance-link\" href=\"tel:+386 31 788 887\" target=\"_self\" data-type=\"contact\">\n  \n  \n\t\n\n\n\n<div class=\"bde-text-135-113 bde-text\">\n+386 31 788 887\n<\/div>\n\n<\/a>\n<\/div><div class=\"bde-div-135-114 bde-div\">\n  \n  \n\t\n\n\n\n<div class=\"bde-icon-135-115 bde-icon\">\n\n    \n            <div class=\"bde-icon-icon breakdance-icon-atom\" >\n    \n                    <svg xmlns=\"http:\/\/www.w3.org\/2000\/svg\" width=\"60\" height=\"60\" viewBox=\"0 0 60 60\" fill=\"none\">\r\n<path d=\"M55 30C55 43.8 43.8 55 30 55C16.2 55 5 43.8 5 30C5 16.2 16.2 5 30 5C43.8 5 55 16.2 55 30Z\" stroke=\"url(#paint0_linear_215_5043)\" stroke-width=\"2\" stroke-linecap=\"round\" stroke-linejoin=\"round\"\/>\r\n<path d=\"M39.2742 37.9499L31.5242 33.3249C30.1742 32.5249 29.0742 30.5999 29.0742 29.0249V18.7749\" stroke=\"url(#paint1_linear_215_5043)\" stroke-width=\"2\" stroke-linecap=\"round\" stroke-linejoin=\"round\"\/>\r\n<defs>\r\n<linearGradient id=\"paint0_linear_215_5043\" x1=\"4.73973\" y1=\"5.74066\" x2=\"64.8575\" y2=\"26.6015\" gradientUnits=\"userSpaceOnUse\">\r\n<stop stop-color=\"#ECB7AA\"\/>\r\n<stop offset=\"0.23\" stop-color=\"#CC9185\"\/>\r\n<stop offset=\"0.41\" stop-color=\"#F4CBC1\"\/>\r\n<stop offset=\"0.59\" stop-color=\"#F1BCAF\"\/>\r\n<stop offset=\"0.77\" stop-color=\"#CC9185\"\/>\r\n<stop offset=\"1\" stop-color=\"#ECA293\"\/>\r\n<\/linearGradient>\r\n<linearGradient id=\"paint1_linear_215_5043\" x1=\"29.0211\" y1=\"19.0589\" x2=\"42.3091\" y2=\"21.5117\" gradientUnits=\"userSpaceOnUse\">\r\n<stop stop-color=\"#ECB7AA\"\/>\r\n<stop offset=\"0.23\" stop-color=\"#CC9185\"\/>\r\n<stop offset=\"0.41\" stop-color=\"#F4CBC1\"\/>\r\n<stop offset=\"0.59\" stop-color=\"#F1BCAF\"\/>\r\n<stop offset=\"0.77\" stop-color=\"#CC9185\"\/>\r\n<stop offset=\"1\" stop-color=\"#ECA293\"\/>\r\n<\/linearGradient>\r\n<\/defs>\r\n<\/svg>\n        \n        \n        \n            <\/div>\n    \n\n\n<\/div><div class=\"bde-text-135-116 bde-text\">\nPo dogovoru.\n<\/div>\n<\/div>\n<\/div><\/div>\n<\/section><section class=\"bde-section-135-119 bde-section\">\n  \n  \n\t\n\n\n\n<div class=\"section-container\"><h1 class=\"bde-heading-135-120 bde-heading\">\nKontaktirajte me\n<\/h1><div class=\"bde-form-builder-135-132 bde-form-builder\">\n\n<form id=\"kontakt132\" class=\"breakdance-form breakdance-form--vertical\" data-options=\"{&quot;slug&quot;:&quot;custom&quot;,&quot;name&quot;:&quot;Kontakt&quot;,&quot;ajaxUrl&quot;:&quot;https:\\\/\\\/www.renew.si\\\/wp-admin\\\/admin-ajax.php&quot;,&quot;clearOnSuccess&quot;:true,&quot;hideOnSuccess&quot;:false,&quot;successMessage&quot;:&quot;Va\\u0161e sporo\\u010dilo je bilo prejeto!&quot;,&quot;errorMessage&quot;:&quot;Zgodila se je napaka.&quot;,&quot;redirect&quot;:false,&quot;redirectUrl&quot;:&quot;&quot;,&quot;customJavaScript&quot;:&quot;&quot;,&quot;recaptcha&quot;:{&quot;key&quot;:&quot;&quot;,&quot;enabled&quot;:false},&quot;honeypot_enabled&quot;:false,&quot;popupsOnSuccess&quot;:[],&quot;popupsOnError&quot;:[]}\" data-steps=\"0\" >\n  \n  \n  \n<div class=\"breakdance-form-field breakdance-form-field--text\" >\n    \n    \n            <label class=\"breakdance-form-field__label\" for=\"name\">\n            Ime<span class=\"breakdance-form-field__required\">*<\/span>\n        <\/label>\n    \n    <input\n    class=\"breakdance-form-field__input\"\n    id=\"name\"\n    aria-describedby=\"name\"\n    type=\"text\"\n    name=\"fields[name]\"\n    placeholder=\"\"\n    value=\"\"\n                \n        \n        \n    required\n    \n    \n    \n    \n    \n>\n\n\n    \n    \n<\/div>\n\n\n<div class=\"breakdance-form-field breakdance-form-field--tel\" >\n    \n    \n            <label class=\"breakdance-form-field__label\" for=\"kyakpa\">\n            Telefon<span class=\"breakdance-form-field__required\">*<\/span>\n        <\/label>\n    \n    <input\n    class=\"breakdance-form-field__input\"\n    id=\"kyakpa\"\n    aria-describedby=\"kyakpa\"\n    type=\"tel\"\n    name=\"fields[kyakpa]\"\n    placeholder=\"\"\n    value=\"\"\n                \n        \n        \n    required\n    \n    \n    \n    \n    \n>\n\n\n    \n    \n<\/div>\n\n\n<div class=\"breakdance-form-field breakdance-form-field--text\" >\n    \n    \n            <label class=\"breakdance-form-field__label\" for=\"zkillf\">\n            Priimek<span class=\"breakdance-form-field__required\">*<\/span>\n        <\/label>\n    \n    <input\n    class=\"breakdance-form-field__input\"\n    id=\"zkillf\"\n    aria-describedby=\"zkillf\"\n    type=\"text\"\n    name=\"fields[zkillf]\"\n    placeholder=\"\"\n    value=\"\"\n                \n        \n        \n    required\n    \n    \n    \n    \n    \n>\n\n\n    \n    \n<\/div>\n\n\n<div class=\"breakdance-form-field breakdance-form-field--email\" >\n    \n    \n            <label class=\"breakdance-form-field__label\" for=\"email\">\n            Email<span class=\"breakdance-form-field__required\">*<\/span>\n        <\/label>\n    \n    <input\n    class=\"breakdance-form-field__input\"\n    id=\"email\"\n    aria-describedby=\"email\"\n    type=\"email\"\n    name=\"fields[email]\"\n    placeholder=\"\"\n    value=\"\"\n                \n        \n        \n    required\n    \n    \n    \n    \n    \n>\n\n\n    \n    \n<\/div>\n\n\n<div class=\"breakdance-form-field breakdance-form-field--checkbox\" >\n    \n    \n    \n    <fieldset role=\"group\"\n    aria-label=\"Zanima me:\"\n    >\n       <legend class=\"breakdance-form-field__label\">Zanima me:<\/legend>\n          <div class=\"breakdance-form-checkbox\">\n          <input\n              type=\"checkbox\"\n              name=\"fields[ftfnzu][]\"\n              value=\"Spray tan storitev\"\n              id=\"ftfnzu-1\"\n              \n              \n                        >\n          <label class=\"breakdance-form-checkbox__text\" for=\"ftfnzu-1\">Spray tan storitev<\/label>\n      <\/div>\n        <div class=\"breakdance-form-checkbox\">\n          <input\n              type=\"checkbox\"\n              name=\"fields[ftfnzu][]\"\n              value=\"Izdelki\"\n              id=\"ftfnzu-2\"\n              \n              \n                        >\n          <label class=\"breakdance-form-checkbox__text\" for=\"ftfnzu-2\">Izdelki<\/label>\n      <\/div>\n        <div class=\"breakdance-form-checkbox\">\n          <input\n              type=\"checkbox\"\n              name=\"fields[ftfnzu][]\"\n              value=\"B2B\"\n              id=\"ftfnzu-3\"\n              \n              \n                        >\n          <label class=\"breakdance-form-checkbox__text\" for=\"ftfnzu-3\">B2B<\/label>\n      <\/div>\n        <div class=\"breakdance-form-checkbox\">\n          <input\n              type=\"checkbox\"\n              name=\"fields[ftfnzu][]\"\n              value=\"Te\u010daji\"\n              id=\"ftfnzu-4\"\n              \n              \n                        >\n          <label class=\"breakdance-form-checkbox__text\" for=\"ftfnzu-4\">Te\u010daji<\/label>\n      <\/div>\n  <\/fieldset>\n\n\n\n    \n    \n<\/div>\n\n\n<div class=\"breakdance-form-field breakdance-form-field--textarea\" >\n    \n    \n            <label class=\"breakdance-form-field__label\" for=\"message\">\n            Sporo\u010dilo<span class=\"breakdance-form-field__required\">*<\/span>\n        <\/label>\n    \n    <textarea\n    class=\"breakdance-form-field__input\"\n    id=\"message\"\n    aria-describedby=\"message\"\n    type=\"textarea\"\n    name=\"fields[message]\"\n        rows=\"2\"\n        placeholder=\"\"\n    required\n    \n    \n    >\n<\/textarea>\n\n\n    \n    \n<\/div><div class=\"breakdance-form-field breakdance-form-footer\">    \n    \n    \n    \n    \n            \n            <button type=\"submit\" class=\"button-atom button-atom--primary breakdance-form-button breakdance-form-button__submit\"  >\n    \n        <span class=\"button-atom__text\">po\u0161lji<\/span>\n\n        \n        \n            <\/button>\n    \n    <input type=\"hidden\" name=\"form_id\" value=\"132\">\n    <input type=\"hidden\" name=\"post_id\" value=\"135\">\n<\/div>\n\n  \n<\/form>\n\n\n<\/div><\/div>\n<\/section><section class=\"bde-section-135-150 bde-section\">\n  \n  \n\t\n\n\n\n<div class=\"section-container\"><div class=\"bde-div-135-151 bde-div\">\n  \n  \n\t\n\n\n\n<div class=\"bde-div-135-152 bde-div\">\n  \n  \n\t\n\n\n\n<div class=\"bde-video-135-153 bde-video\">\n<div class=\"ee-video-container\">\n            <video class=\"ee-video\" src=\"https:\/\/www.renew.si\/wp-content\/uploads\/2023\/05\/alin-z-izdelki.mp4\"\n               autoplay='true'                                                loop='true'                muted='true'                controlsList=\"nodownload\"                playsinline\n        >\n        <\/video>\n    \n    <\/div>\n\n<\/div>\n<\/div><div class=\"bde-div-135-154 bde-div\">\n  \n  \n\t\n\n\n\n<div class=\"bde-div-135-155 bde-div\">\n  \n  \n\t\n\n\n\n<div class=\"bde-image-135-156 bde-image\">\n<figure class=\"breakdance-image breakdance-image--32\">\n\t<div class=\"breakdance-image-container\">\n\t\t<div class=\"breakdance-image-clip\"><img loading=\"lazy\" decoding=\"async\" class=\"breakdance-image-object\" src=\"https:\/\/www.renew.si\/wp-content\/uploads\/2023\/04\/O-meni.svg\" width=\"268\" height=\"93\" sizes=\"auto, (max-width: 268px) 100vw, 268px\"><\/div>\n\t<\/div><\/figure>\n\n<\/div><div class=\"bde-text-135-157 bde-text\">\nV svojih najstni\u0161kih letih sem se spopadala s te\u017eavami zaradi svetle polti in alergi\u010dne reakcije na sonce. Namesto da sem obupala, sem se odlo\u010dila, da se osredoto\u010dim na nego ko\u017ee in spoznavanje kozmeti\u010dnih izdelkov. Tako sem odkrila spray tan in se zaljubila v to inovacijo. Po obisku prvega spray tana sem bila presene\u010dena nad naravnim in zdravim videzom moje ko\u017ee. Po\u010dutila sem se izjemno samozavestno in to sem \u017eelela deliti z drugimi.<br>Za\u010dela sem svojo potovanje z izobra\u017eevanjem in pridobivanjem certifikatov v tej panogi. S\u010dasoma sem odprla svoj salon in zgradila ekipo ljudi, ki delijo mojo strast in vizijo. Tako smo pomagali \u0161tevilnim \u017eenskam po vsej Sloveniji, da se po\u010dutijo samozavestne in lepe v svoji ko\u017ei.\n<\/div><div class=\"bde-text-135-158 bde-text vec\">\n<a style=\"color:#C18681;\" href=\"\/o-meni\">PREBERI VE\u010c<\/a><br>\n<\/div>\n<\/div><div class=\"bde-text-135-159 bde-text\">\nAlin Anaija\n<\/div><div class=\"bde-text-135-160 bde-text\">\ndipl. Ekonomistka, Kozmeti\u010darka<br>Ustanoviteljica Renew\n<\/div>\n<\/div>\n<\/div><\/div>\n<\/section><section class=\"bde-section-135-144 bde-section\">\n  \n  \n\t\n\n\n\n<div class=\"section-container\"><h1 class=\"bde-heading-135-145 bde-heading\">\nSpremljaj nas na Instagramu\n<\/h1><\/div>\n<\/section>","protected":false},"excerpt":{"rendered":"<p>Kontaktirajte me Imate vpra\u0161anje o storitvah, izdelkih, te\u010dajih ali me \u017eelite le pozdraviti? Pi\u0161ite mi, odgovorila vam bomo v najkraj\u0161em mo\u017enem \u010dasu \ud83e\udd0d alin@RENEW.SI +386 31 788 887 Po dogovoru. Kontaktirajte me Ime* Telefon* Priimek* Email* Zanima me: Spray tan storitev Izdelki B2B Te\u010daji Sporo\u010dilo* po\u0161lji V svojih najstni\u0161kih letih sem se spopadala s te\u017eavami [&hellip;]<\/p>\n","protected":false},"author":2,"featured_media":0,"parent":0,"menu_order":0,"comment_status":"closed","ping_status":"closed","template":"","meta":{"_breakdance_hide_in_design_set":false,"_breakdance_tags":"","footnotes":""},"class_list":["post-135","page","type-page","status-publish","hentry"],"_links":{"self":[{"href":"https:\/\/www.renew.si\/en\/wp-json\/wp\/v2\/pages\/135","targetHints":{"allow":["GET"]}}],"collection":[{"href":"https:\/\/www.renew.si\/en\/wp-json\/wp\/v2\/pages"}],"about":[{"href":"https:\/\/www.renew.si\/en\/wp-json\/wp\/v2\/types\/page"}],"author":[{"embeddable":true,"href":"https:\/\/www.renew.si\/en\/wp-json\/wp\/v2\/users\/2"}],"replies":[{"embeddable":true,"href":"https:\/\/www.renew.si\/en\/wp-json\/wp\/v2\/comments?post=135"}],"version-history":[{"count":18,"href":"https:\/\/www.renew.si\/en\/wp-json\/wp\/v2\/pages\/135\/revisions"}],"predecessor-version":[{"id":3639,"href":"https:\/\/www.renew.si\/en\/wp-json\/wp\/v2\/pages\/135\/revisions\/3639"}],"wp:attachment":[{"href":"https:\/\/www.renew.si\/en\/wp-json\/wp\/v2\/media?parent=135"}],"curies":[{"name":"wp","href":"https:\/\/api.w.org\/{rel}","templated":true}]}}