{"id":23,"date":"2023-04-04T21:50:30","date_gmt":"2023-04-04T21:50:30","guid":{"rendered":"https:\/\/renew.mighty-krulz.si\/?page_id=23"},"modified":"2026-04-17T14:05:38","modified_gmt":"2026-04-17T12:05:38","slug":"domov","status":"publish","type":"page","link":"https:\/\/www.renew.si\/en\/","title":{"rendered":"HOME"},"content":{"rendered":"<h2><img loading=\"lazy\" decoding=\"async\" class=\"alignleft\" src=\"https:\/\/www.renew.si\/wp-content\/uploads\/2023\/04\/Frame-6.svg\" alt=\"\" width=\"68\" height=\"69\" \/> RENEW &#8211; Vodilni ponudnik spraytana v Sloveniji<\/h2>\n<p><img decoding=\"async\" src=\"https:\/\/www.renew.si\/wp-content\/uploads\/2023\/08\/IMG_4166.jpg\" alt=\"\" \/><\/p>\n<p style=\"text-align: center;\"><strong>Guaranteed highest quality, delightful scent, deep hydration, and fast results.<\/strong><\/p>\n<p><strong><a href=\"https:\/\/form.lime-booking.com\/renew\"> BOOK YOUR APPOINTMENT <\/a><\/strong><\/p>\n<p><strong><a href=\"\/en\/shop\/\"> ORDER THE PRODUCT <\/a><\/strong><\/p>\n<p>Smo vodilni ponudnik spray tan storitev v Sloveniji. Z veseljem ti sporo\u010dam, da smo po 12 letih izku\u0161enj razvili svoje PREMIUM barve Renew.<\/p>","protected":false},"excerpt":{"rendered":"<p>RENEW &#8211; Vodilni ponudnik spraytana v Sloveniji Zagotovljena najvi\u0161ja kakovost, \u010dudovit vonj, globoka hidracija in hitri rezultati. REZERVIRAJ SVOJ TERMIN NARO\u010cI IZDELEK Smo vodilni ponudnik spray tan storitev v Sloveniji. Z veseljem ti sporo\u010dam, da smo po 12 letih izku\u0161enj razvili svoje PREMIUM barve Renew.<\/p>","protected":false},"author":2,"featured_media":0,"parent":0,"menu_order":0,"comment_status":"closed","ping_status":"closed","template":"","meta":{"_breakdance_hide_in_design_set":false,"_breakdance_tags":"","footnotes":""},"class_list":["post-23","page","type-page","status-publish","hentry"],"_links":{"self":[{"href":"https:\/\/www.renew.si\/en\/wp-json\/wp\/v2\/pages\/23","targetHints":{"allow":["GET"]}}],"collection":[{"href":"https:\/\/www.renew.si\/en\/wp-json\/wp\/v2\/pages"}],"about":[{"href":"https:\/\/www.renew.si\/en\/wp-json\/wp\/v2\/types\/page"}],"author":[{"embeddable":true,"href":"https:\/\/www.renew.si\/en\/wp-json\/wp\/v2\/users\/2"}],"replies":[{"embeddable":true,"href":"https:\/\/www.renew.si\/en\/wp-json\/wp\/v2\/comments?post=23"}],"version-history":[{"count":124,"href":"https:\/\/www.renew.si\/en\/wp-json\/wp\/v2\/pages\/23\/revisions"}],"predecessor-version":[{"id":5911,"href":"https:\/\/www.renew.si\/en\/wp-json\/wp\/v2\/pages\/23\/revisions\/5911"}],"wp:attachment":[{"href":"https:\/\/www.renew.si\/en\/wp-json\/wp\/v2\/media?parent=23"}],"curies":[{"name":"wp","href":"https:\/\/api.w.org\/{rel}","templated":true}]}}