{"id":665,"date":"2023-06-25T18:11:58","date_gmt":"2023-06-25T16:11:58","guid":{"rendered":"https:\/\/renew.mighty-krulz.si\/?page_id=665"},"modified":"2023-06-29T14:13:47","modified_gmt":"2023-06-29T12:13:47","slug":"varstvo-osebnih-podatkov","status":"publish","type":"page","link":"https:\/\/www.renew.si\/en\/varstvo-osebnih-podatkov\/","title":{"rendered":"Varstvo osebnih podatkov"},"content":{"rendered":"<p><strong>Varstvo osebnih podatkov<\/strong><\/p>\n\n\n\n<p>Podjetje se zavezuje, da bo varovalo zaupnost osebnih podatkov in zasebnost uporabnikov spletne trgovine. Zbrane osebne podatke bo Podjetje uporabljalo izklju\u010dno za opravljanje storitev, ki jih ponuja. Podjetje spo\u0161tuje zaupnost osebnih podatkov in zasebnost uporabnikov spletne trgovine, zato bo storilo vse potrebno, da jih za\u0161\u010diti pred kakr\u0161nimikoli kr\u0161itvami in zlorabami. Osebni podatki uporabnikov so eno izmed podro\u010dij, kateremu podjetje posve\u010da izredno skrb in pozornost, saj se zaveda ob\u010dutljive narave tega podro\u010dja. Posredovanje uporabnikovih osebnih podatkov podjetju je v dolo\u010denih primerih nujno, da lahko obdelovalec kot ponudnik izpolnjuje svoje pogodbene obveznosti do uporabnika. Ponudnik zbrane osebne podatke trajno varuje skladno z Zakonom o varstvu osebnih podatkov (Uradni list RS, \u0161t. 94\/07) (ZVOP-1), Zakonom o elektronskih komunikacijah (Uradni list RS, \u0161t. 109\/12, 110\/13, 40\/14 \u2013 ZIN-B, 54\/14 \u2013 odl. US, 81\/15 in 40\/17) in Splo\u0161no uredbo o varstvu podatkov (angl. General Data Protection Regulation \u2013 GDPR). Uporaba osebnih podatkovPodjetje za potrebe opravljanja storitev, ki jih ponuja, zbira, vodi, obdeluje in shranjuje naslednje uporabnikove podatke:- ime in priimek- naslove za dostavo- firmo oz. naziv pravne osebe (\u010de je uporabnik pravna oseba)- dav\u010dno \u0161tevilko pravne osebe (\u010de je uporabnik pravna oseba)- naslov elektronske po\u0161te (uporabni\u0161ko ime)- geslo v \u0161ifrirani obliki- kontaktno telefonsko \u0161tevilko- dr\u017eavo bivanja- druge podatke, ki jih uporabnik prostovoljno vnese v obrazce v spletni trgovini- druge podatke, ki jih uporabnik prostovoljno doda naknadno v svojem profilu. Za pravilnost, popolnost in a\u017eurnost podatkov, ki jih vnesejo uporabniki, podjetje ne odgovarja.Podatkov ponudnik ne posreduje tretjim osebam, razen pogodbenim izvajalcem, s katerimi ima ponudnik sklenjeno pogodbo o varovanju osebnih podatkov in ki so pogodbeno zavezani k istim standardom varovanja osebnih podatkov kot ponudnik.Ponudnik osebne podatke zbira z izrecno privolitvijo oz. soglasjem posameznikov. Soglasja hrani skupaj z njihovo vsebino in vsebino obrazca, s katerim so bila dobljena. Zbirke osebnih podatkov ponudnik hrani na obmo\u010dju Republike Slovenije ter jih ne izna\u0161a v druge dr\u017eave.&nbsp;<\/p>\n\n\n\n<p>Izvajanje politike zasebnosti<\/p>\n\n\n\n<p>Podjetje ima, skladno z Zakonom o varovanju osebnih podatkov, varovanje osebnih podatkov urejeno s Pravilnikom o varovanju osebnih podatkov.Vse pri podjetju redno ali honorarno zaposlene osebe, ki imajo dostop do osebnih in drugih podatkov uporabnikov, so seznanjene z dolo\u010dili Pravilnika o varovanju osebnih podatkov in z dol\u017enostjo varovanja osebnih in drugih podatkov in so dol\u017ene upo\u0161tevati ta dolo\u010dila o varovanju zaupnosti osebnih podatkov in zasebnosti uporabnikov spletne trgovine. Dol\u017enost varovanja osebnih in drugih podatkov velja \u010dasovno neomejeno, tudi po prenehanju razmerja s podjetjem. Registrirani uporabniki lahko kadarkoli prenehajo uporabljati spletno trgovino in lahko prekli\u010dejo svojo registracijo. To storijo tako, da s pisno izjavo sporo\u010dijo preklic registracije. Pred podajo izjave o preklicu registracije mora uporabnik podjetju poravnati vse \u0161e neporavnane obveznosti iz naslova opravljenih nakupov v spletni trgovini. Podjetje bo zaupnost osebnih podatkov in zasebnost uporabnikov spletne trgovine v okviru te politike zasebnosti varovalo tudi v primeru preklica registracije.&nbsp;<\/p>\n\n\n\n<p>Varstvo otrok<\/p>\n\n\n\n<p>Oglasna sporo\u010dila bodo jasno razvidna (upo\u0161tevajo\u010d starost) in jasno lo\u010dena od iger in tekmovanj. Vsaka komunikacija, namenjena otrokom, bo primerna njihovi starosti in ne bo izkori\u0161\u010dala zaupljivosti otrok, pomanjkanja izku\u0161enj ali ob\u010dutka lojalnosti. Ponudnik ne sme sprejemati naro\u010dil od nekoga, za katerega ve, ali sumi, da je otrok, ne da bi za to imel izrecnega dovoljenja njegovih star\u0161ev ali skrbnikov. Ponudnik brez izrecnega dovoljenja njihovih star\u0161ev ali skrbnikov ne sme sprejemati kakr\u0161nihkoli osebnih podatkov, ki zadevajo otroke. Prav tako ponudnik tretji osebi ne sme izdajati podatkov, sprejetih od otrok, izjema so star\u0161i oziroma skrbniki. Ponudnik ne sme ponujati prostega dostopa do izdelkov ali storitev, ki so \u0161kodljive za otroke.&nbsp;<\/p>\n\n\n\n<p>Pravica do obve\u0161\u010danja in izbrisa<\/p>\n\n\n\n<p>Pravico imate do informacij o va\u0161ih osebnih podatkih, s katerimi razpolagamo, kot tudi pravico do izbrisa teh podatkov. \u010ce imate vpra\u0161anja glede izbrisa, predelave ali uporabe va\u0161ih podatkov, se obrnite na: info@renew.si ali nam po\u0161ljite zahtevek po po\u0161ti. Obvestila o stanju naro\u010dila: Pridr\u017eujemo si pravico, da vas na telefonsko \u0161tevilko, ki ste jo vpisali v postopku naro\u010dila, preko sms sporo\u010dila obvestimo, ko je va\u0161e naro\u010dilo odpremljeno ali ko je naro\u010dilo pripravljeno za osebni prevzem. \u010ce artikli za osebni prevzem niso bili prevzeti ve\u010d kot 5 dni, si pridr\u017eujemo pravico klica na posredovano telefonsko \u0161tevilko, kot opomnik za prevzem artiklov.<\/p>\n\n\n\n<p>Postopek uveljavljanja pravic<\/p>\n\n\n\n<p>Seznanjen sem, da lahko vse zgoraj navedene zahteve, ki se ti\u010dejo uveljavljanja pravic v zvezi z osebnimi podatki, naslovim v pisni obliki na upravljavca, in sicer na elektronski naslov info@renew.si.Seznanjen sem, da lahko upravljavec za potrebe zanesljive identifikacije v primeru uveljavljanja pravic v zvezi z osebnimi podatki od mene zahteva dodatne podatke, ukrepanje pa lahko zavrne le v primeru, da doka\u017ee, da me ne more zanesljivo identificirati.Seznanjen sem, da mora upravljavec na mojo zahtevo, s katero uveljavljam svoje pravice v zvezi z zgoraj navedenimi osebnimi podatki, odgovoriti brez nepotrebnega odla\u0161anja in najpozneje v enem mesecu od prejema zahteve. Podjetje osebne podatke posameznika hrani do preklica soglasja za hranjenje in obdelavo podatkov posameznika. Uporabnik lahko prekli\u010de soglasje za prejemanje elektronskih sporo\u010dil (kar stori s pisno zahtevo ponudniku na elektronski naslovinfo@renew.si.) ali zahteva, da podjetje njegove osebne podatke nemudoma u\u010dinkovito in trajno izbri\u0161e, tako da v celoti izbri\u0161e uporabnikov uporabni\u0161ki profil pri ponudniku.&nbsp;<\/p>","protected":false},"excerpt":{"rendered":"<p>Varstvo osebnih podatkov Podjetje se zavezuje, da bo varovalo zaupnost osebnih podatkov in zasebnost uporabnikov spletne trgovine. Zbrane osebne podatke bo Podjetje uporabljalo izklju\u010dno za opravljanje storitev, ki jih ponuja. Podjetje spo\u0161tuje zaupnost osebnih podatkov in zasebnost uporabnikov spletne trgovine, zato bo storilo vse potrebno, da jih za\u0161\u010diti pred kakr\u0161nimikoli kr\u0161itvami in zlorabami. Osebni podatki [&hellip;]<\/p>\n","protected":false},"author":2,"featured_media":0,"parent":0,"menu_order":0,"comment_status":"closed","ping_status":"closed","template":"","meta":{"_breakdance_hide_in_design_set":false,"_breakdance_tags":"","footnotes":""},"class_list":["post-665","page","type-page","status-publish","hentry"],"_links":{"self":[{"href":"https:\/\/www.renew.si\/en\/wp-json\/wp\/v2\/pages\/665","targetHints":{"allow":["GET"]}}],"collection":[{"href":"https:\/\/www.renew.si\/en\/wp-json\/wp\/v2\/pages"}],"about":[{"href":"https:\/\/www.renew.si\/en\/wp-json\/wp\/v2\/types\/page"}],"author":[{"embeddable":true,"href":"https:\/\/www.renew.si\/en\/wp-json\/wp\/v2\/users\/2"}],"replies":[{"embeddable":true,"href":"https:\/\/www.renew.si\/en\/wp-json\/wp\/v2\/comments?post=665"}],"version-history":[{"count":2,"href":"https:\/\/www.renew.si\/en\/wp-json\/wp\/v2\/pages\/665\/revisions"}],"predecessor-version":[{"id":840,"href":"https:\/\/www.renew.si\/en\/wp-json\/wp\/v2\/pages\/665\/revisions\/840"}],"wp:attachment":[{"href":"https:\/\/www.renew.si\/en\/wp-json\/wp\/v2\/media?parent=665"}],"curies":[{"name":"wp","href":"https:\/\/api.w.org\/{rel}","templated":true}]}}