{"id":841,"date":"2023-06-29T14:23:14","date_gmt":"2023-06-29T12:23:14","guid":{"rendered":"https:\/\/renew.mighty-krulz.si\/?page_id=841"},"modified":"2023-06-29T14:23:14","modified_gmt":"2023-06-29T12:23:14","slug":"dostava-in-placila","status":"publish","type":"page","link":"https:\/\/www.renew.si\/en\/dostava-in-placila\/","title":{"rendered":"Dostava in pla\u010dila"},"content":{"rendered":"\n<p><strong>Cene in dobavni roki<\/strong><\/p>\n\n\n\n<p>Vse cene v spletni trgovini Renew.si so navedene v EUR in vklju\u010dujejo davek na dodano vrednost (DDV). Veljajo cene ki so objavljene v trenutku oddaje naro\u010dila.<\/p>\n\n\n\n<p>Kljub prizadevanjem, da bi zagotovili najbolj a\u017eurne in to\u010dne podatke, se lahko pripeti, da je podatek o ceni napa\u010den. V tem primeru, ali v primeru, da se cena artikla spremeni med obdelavo naro\u010dila, ponudnik kupcu omogo\u010dil odstop od nakupa.<\/p>\n\n\n\n<p>Cene<\/p>\n\n\n\n<p>Cena je enaka za vse registrirane in neregistrirane kupce spletne trgovine Renew.si Cene se lahko razli\u010dne kot v preostalih poslovnih enotah (Trgovinah) po Sloveniji<\/p>\n\n\n\n<p>Dobavni roki<\/p>\n\n\n\n<p>Dobavne roke, ki so objavljeni za posamezne izdelke predvidevamo glede na logisti\u010dne podatke in podatke o zalogah iz na\u0161ih izdajnih skladi\u0161\u010d ali skladi\u0161\u010d na\u0161ih dobaviteljev. Veljajo dobavni roki ki so objavljeni v trenutku oddaje naro\u010dila.<\/p>\n\n\n\n<p>Kljub prizadevanjem, da bi zagotovili najbolj a\u017eurne in to\u010dne podatke, se lahko zgodi, da je podatek o dobavnem roku napa\u010den. V tem primeru, ali v primeru, da se dobavni rok spremeni med obdelavo naro\u010dila, ponudnik kupcu omogo\u010dil odstop od nakupa.<\/p>\n\n\n\n<p><strong>Postopek nakupa<\/strong><\/p>\n\n\n\n<p>Koraki procesa nakupa\/naro\u010dila:<\/p>\n\n\n\n<p><strong>\u2022 1. korak \u2013<\/strong> dodajanje izdelkov v nakupovalno ko\u0161aricoIzdelek, ki ga \u017eelite kupiti dodajte v ko\u0161arico s klikom na ustrezen gumb \u00bbV ko\u0161arico\u00ab). Pri nekaterih izdelkih morate izbrati dodatne lastnosti artikla (npr. velikost, barvo). Izdelki so razvr\u0161\u010deni po kategorijah, poi\u0161\u010dete jih lahko tudi s pomo\u010djo iskalnika. Za ve\u010d informacij o izbranem izdelku kliknite na ime izdelka ali na sliko izdelka. V ko\u0161arico lahko dodate poljubno \u0161tevilo izdelkov. Ko z dodajanjem zaklju\u010dite, lahko kasneje nadaljujete z nakupovanjem, ali zaklju\u010dite nakup. V prvem primeru, se bodo izdelki v ko\u0161arici shranili za kasnej\u0161i nakup.<\/p>\n\n\n\n<p><strong>\u2022 2. korak \u2013 <\/strong>urejane ko\u0161arice in vpis promocijske kodeS klikom na ko\u0161arico, vas preusmeri v ko\u0161arico. Izdelke v ko\u0161arici lahko tudi poljubno odstranite (s klikom na gumb [X]) oziroma spreminjate koli\u010dino. V kolikor imate \u00bbpromocijsko kodo\u00ab za popust, jo lahko vpi\u0161ete v polje \u00bbPromocijska koda\u00ab in si s tem zmanj\u0161ate znesek va\u0161ega naro\u010dila. Promocijske kode je mogo\u010de pridoboti na ve\u010d na\u010dinov. -preko ogla\u0161evalskih akcij -na Facebooku -na Instagram -na drug na\u010din&nbsp;<\/p>\n\n\n\n<p><strong>\u2022 3. korak\u2013 <\/strong>izbira na\u010dina pla\u010dila in dostave Za nadaljevanje nakupa kliknite \u00bbNa blagajno\u00ab, pojavi se vam okno, kjer lahko registrirani uporabniki, vpi\u0161ite svoje uporabni\u0161ko ime in geslo v delu \u201cVpis v sistem\u201d. Neregistrirani uporabniki kliknite gumb \u00bbHitri nakup\u00ab in izpolnite obrazec s kontaktnimi podatki. Vnos svojih podatkov potrdite s klikom na gumb \u00bbNaprej\u00ab. Naslov za dostavo naro\u010denega blaga se izpi\u0161e avtomatsko in je enak naslovu, ki ste ga vnesli v obrazec s kontaktnimi podatki. Sledi korak izbire pla\u010dila.<\/p>\n\n\n\n<ul class=\"wp-block-list\">\n<li><strong>4. korak \u2013 <\/strong>pla\u010dilo (kontrola naro\u010dila, izbira pla\u010dilnega na\u010dina in potrditev oz. zaklju\u010dek nakupa)Preden kliknete na gumb za zaklju\u010dek nakupa \u00bbZaklju\u010di nakup\u00ab, \u0161e enkrat preverite, \u010de je znesek naro\u010denih izdelkov pravilen. Preverite tudi naslov dostave. Po zaklju\u010dku nakupa vas stran preusmeri glede na izbran na\u010din pla\u010dila, kjer vpi\u0161ete pla\u010dilne podatke. Potrdilo o uspe\u0161no oddanem naro\u010dilu boste prejeli na va\u0161 e-naslov.<\/li>\n<\/ul>\n\n\n\n<p><strong>Pravica do odstopa blaga, vra\u010dilo blaga<\/strong><\/p>\n\n\n\n<p>Pri pogodbah, sklenjenih na daljavo, ima potro\u0161nik pravico, da v 14 dneh od prevzema blaga podjetju sporo\u010di, da odstopa od pogodbe, ne da bi mu bilo treba navesti razlog za svojo odlo\u010ditev. Potro\u0161nik mora blago vrniti v 14 dneh od sporo\u010denega namena o odstopu od pogodbe.<\/p>\n\n\n\n<p>Edini stro\u0161ek, ki bremeni potro\u0161nika v zvezi z odstopom od pogodbe, je neposreden stro\u0161ek vra\u010dila blaga.<\/p>\n\n\n\n<p>O nameravanem vra\u010dilu nas pisno obvestite in sicer na kontaktni e-mail: info@renew.si<\/p>\n\n\n\n<p>Obvestilo o odstopu lahko po\u0161ljete preko maila, da odstopate od pogodbe. \u0160teje se, da je potro\u0161nik podal odstopno izjavo pravo\u010dasno, \u010de jo po\u0161lje v roku, dolo\u010denem za odstop od pogodbe. Dokazno breme glede uveljavljanja pravice do odstopa nosi potro\u0161nik.<\/p>\n\n\n\n<p>Vsi izdelki kupljeni pri ponudniku www.renew.si so tak\u0161ne narave, da jih je mo\u010d vrniti po po\u0161ti.<\/p>\n\n\n\n<p>Vra\u010dilo pla\u010dil mora podjetje opraviti nemudoma ali najkasneje v roku 14 dni po prejemu sporo\u010dila o odstopu od pogodbe. Prodajalec vrne prejeta pla\u010dila potro\u0161niku z enakim pla\u010dilnim sredstvom, kot ga je uporabil potro\u0161nik, razen \u010de je potro\u0161nik izrecno zahteval uporabo drugega pla\u010dilnega sredstva in \u010de potro\u0161nik zaradi tega ne nosi nobenih stro\u0161kov.<\/p>\n\n\n\n<p>Prejeto blago mora kupec vrniti nepo\u0161kodovano in v nespremenjeni koli\u010dini, razen \u010de je blago uni\u010deno, pokvarjeno, izgubljeno ali se je njegova koli\u010dina zmanj\u0161ala, ne da bi bil za to kriv potro\u0161nik.Kupec blaga ne sme neovirano uporabljati do odstopa od pogodbe, ampak ima le zaradi narave spletne trgovine (pogodbe na daljavo) mo\u017enost, da \u0161e enkrat premisli o nakupu. Kupec sme izdelek pregledati in opraviti preizkus, ki je nujno potreben za ugotovitev dejanskega stanja.<\/p>\n\n\n\n<p>Pri pravici do odstopa od pogodbe, sklenjene na daljavo, je treba vedeti, da gre za odstop od pogodbe, ne da bi bilo s stvarjo samo karkoli narobe, pa\u010d pa gre ta pravica potro\u0161niku \u017ee zaradi same narave pogodbe \u2013 sklenitev pogodbe na daljavo. Pri pravici do odstopa od pogodbe namre\u010d ne gre za to, da potro\u0161nik ne bi vedel, kaj kupuje (na\u010deloma potro\u0161nik tudi pri ostalih stvareh ve, kaj naro\u010da), temve\u010d zgolj za to, da o svoji odlo\u010ditvi v zakonsko predvidenem roku premisli in v primeru, da je bila ta odlo\u010ditev prenagljena, spremeni svojo odlo\u010ditev in odstopi od pogodbe. Prav tako je treba vedeti, da sklenitev pogodbe na daljavo potro\u0161niku ne daje ve\u010d pravic, kot sicer sklenitev pogodbe na klasi\u010den na\u010din (to je z obiskom v prodajalni). Tako potro\u0161nik ne more in ne sme prejetega blaga neovirano uporabljati ves \u010das do odstopa od pogodbe, saj tukaj ne gre za nakup na preizku\u0161njo, kjer bi bil preizkus blaga pogoj za ohranitev pogodbe v veljavi. Potro\u0161nik tako sme opraviti ogled in preizkus prejetega blaga zgolj v obsegu, kot je to nujno potrebno za ugotovitev dejanskega stanja in kot je to obi\u010dajno v prodajalnah. Vsakr\u0161no \u00bbpreizku\u0161anje\u00ab, ki odstopa od navedenega, je mogo\u010de \u0161teti za uporabo blaga, kar pomeni, da potro\u0161nik s tem izgubi pravico do odstopa od pogodbe. Pravica do odstopa od pogodbe ne daje potro\u0161niku nobene pravice ve\u010d, pa\u010d pa samo mo\u017enost, da tudi po tem, ko \u017ee prejme blago, ponovno premisli svojo odlo\u010ditev o nakupu in v primeru, da je bila ta odlo\u010ditev prenagljena, spremeni svojo odlo\u010ditev in odstopi od pogodbe, ne daje pa mu pravice uporabe blaga.<\/p>\n\n\n\n<p>Razen \u010de sta se pogodbeni stranki dogovorili druga\u010de, potro\u0161nik nima pravice do odstopa od pogodbe:<\/p>\n\n\n\n<p>\u2013 pri pogodbah, katerih predmet je blago, ki je bilo izdelano po natan\u010dnih navodilih potro\u0161nika, ki je bilo prilagojeno njegovim osebnim potrebam, ki zaradi svoje narave ni primerno za vra\u010dilo, ki je hitro pokvarljivo ali kateremu je \u017ee potekel rok uporabe- pri pogodbah o dobavi avdio ali video posnetkov ali ra\u010dunalni\u0161kih programov, \u010de je potro\u0161nik odprl varnostni pe\u010dat (\u010de pe\u010data ni, velja \u010de je kupec odpakiral originalno embala\u017eo).<\/p>\n\n\n\n<p>\u010ce naro\u010dilo izvede pravna ali fizi\u010dna oseba, ki opravlja pridobitno dejavnost, ne glede na njeno pravnoorganizacijsko obliko ali lastninsko pripadnost, zanjo dolo\u010dila tega poglavja ne veljajo. Va\u0161e zahtevke za vra\u010dilo blaga bomo v teh primerih obravnavali individualno in pri tem v najve\u010dji mo\u017eni meri upo\u0161tevali vse razloge in okoli\u0161\u010dine ter mo\u017enosti, ki nam jih zagotavljajo na\u0161i dobavitelji.<\/p>\n\n\n\n<p><strong>Izdaja ra\u010duna<\/strong><\/p>\n\n\n\n<p>Renew d.o.o. ob dostavi naro\u010denih artiklov kupcu po\u0161lje tudi natisnjen ra\u010dun. V primeru osebnega prevzema na sede\u017eu podjetja prejme kupec natisnjen ra\u010dun. Na ra\u010dunu sta raz\u010dlenjena cena in vsi stro\u0161ki v zvezi z nakupom.Kupec je dol\u017ean preveriti pravilnost podatkov pred oddajo naro\u010dila. Kasneje podanih ugovorov glede pravilnosti izdanih ra\u010dunov ne upo\u0161tevamo.<\/p>\n\n\n\n<p><strong>Reklamacije<\/strong><\/p>\n\n\n\n<p>Vsi izdelki so pred dostavo pregledani in odposlani nepo\u0161kodovani. Va\u0161e izdelke bomo skrbno zapakirali. Kupec lahko blago reklamira, \u010de blago nima lastnosti, ki jih je prodajalec izrecno obljubil, \u010de je prodajalec poslal napa\u010dne izdelke, v napa\u010dni koli\u010dini, barvi ali kako druga\u010de odstopajo od kup\u010devega naro\u010dila.<\/p>\n\n\n\n<p>V primeru reklamacije lahko kupec, v skladu z zakonskimi omejitvami, zahteva zamenjavo artikla, njegovo popravilo ali vra\u010dilo kupnine. V slednjem primeru si prodajalec pridr\u017euje pravico, da za \u010das, ko je kupec blago uporabljal, obra\u010duna najemnino po veljavnem ceniku, vendar najve\u010d v znesku, za kolikor se je, v \u010dasu uporabe in zaradi uporabe, artiklu zmanj\u0161ala tr\u017ena vrednost.<\/p>\n\n\n\n<p>Kupec ima pravico, da v skladu s 37. \u010dlenom Zakona o varstvu potro\u0161nikov, ob morebitni napaki na izdelku zahtevati, da podjetje izdelek z napako zamenja z novim brezhibnim izdelkom ali vrne pla\u010dani znesek ali odpravi napako na izdelku ali vrne del pla\u010danega zneska v sorazmerju z napako.<\/p>\n\n\n\n<p>Rok za zamenjavo izdelkov je 14 dni. Zamenjava izdelkov je mogo\u010da le ob predlo\u017eitvi ra\u010duna oz. kopije ra\u010duna.<\/p>\n\n\n\n<p>ODSTOP OD NAKUPA IN VRA\u010cILO BLAGA<\/p>\n\n\n\n<p>Kupec lahko, v skladu s 43. \u010dlenom Zakona o varstvu potro\u0161nikov, v 14 dneh po prejemu blaga, ponudniku pisno sporo\u010di odstop od pogodbe oz. naro\u010dila, in sicer na e-naslov info@renew.si. Obrazec za odstop od pogodbe na daljavo je na voljo na tej povezavi.<\/p>\n\n\n\n<p>Kupec ima pravico, da v 14 dneh, od prevzema blaga podjetju sporo\u010di, da odstopa od pogodbe, ne da bi mu bilo potrebno navesti razlog za svojo odlo\u010ditev. \u0160teje se, da je sporo\u010dilo o odstopu od naro\u010dila pravo\u010dasno, \u010de je poslano v pisni obliki v roku 14 dni od prejema blaga. Edini stro\u0161ek, ki bremeni potro\u0161nika v zvezi z odstopom od pogodbe, je neposreden stro\u0161ek vra\u010dila blaga. Slednjega mora vrniti podjetju najkasneje v 14 dneh po prejemu blaga. V primeru odstopa od pogodbe podjetje nemudoma oziroma najpozneje v 14 dneh po prejemu obvestila o odstopu od pogodbe vrne vsa prejeta pla\u010dila.<\/p>\n\n\n\n<p>Podjetje vrne prejeta pla\u010dila z nakazilom na izbrani TRR kupcu.<\/p>\n\n\n\n<p>Ob vra\u010dilu artiklov je potrebno obvezno prilo\u017eiti tudi kopijo originalnega ra\u010duna.<\/p>\n\n\n\n<p>STVARNE NAPAKE<\/p>\n\n\n\n<p>Potro\u0161nik lahko uveljavlja svoje pravice iz naslova stvarne napake, \u010de o napaki obvesti prodajalca v roku dveh mesecev od dneva, ko je bila napaka odkrita. Potro\u0161nik mora v obvestilu o napaki natan\u010dneje opisati napako in prodajalcu omogo\u010diti, da stvar pregleda. Obvestilo o napaki lahko potro\u0161nik prodajalcu sporo\u010di osebno, o \u010demer mu prodajalec mora izdati potrdilo, ali ga po\u0161lje v prodajalno, kjer je bila stvar kupljena, ali pa zastopniku prodajalca s katerim je sklenil pogodbo.<\/p>\n\n\n\n<p>Prodajalec ne odgovarja za stvarne napake na blagu, ki se poka\u017eejo potem, ko mineta dve leti, odkar je bila stvar izro\u010dena. \u0160teje se, da je napaka na stvari obstajala \u017ee v \u010dasu izro\u010ditve, \u010de se pojavi v roku \u0161est mesecev od izro\u010ditve. Pravice potro\u0161nika iz prvega odstavka ugasnejo s potekom dveh let od dneva, ko je o stvarni napaki obvestil prodajalca.<\/p>\n\n\n\n<p><strong>Na\u010dini pla\u010dila<\/strong><\/p>\n\n\n\n<p>1. Pla\u010dilo po povzetju z gotovino ali s pla\u010dilno kartico. GLS Slovenije omogo\u010da pla\u010dilo s slede\u010dimi karticami: Mastercard, Maestro, Visa, Karanta in Diners Club (Diners Club tudi na obroke).<\/p>\n\n\n\n<p>2. Pla\u010dilo po predra\u010dunu z nakazilom na TRR (predra\u010dun prejmete po elektronski po\u0161ti)<\/p>\n\n\n\n<p>3. Pla\u010dilo s kreditnimi karticami<\/p>\n\n\n\n<p>4. Pla\u010dilo na sede\u017eu podjetja, mo\u017enost pla\u010dila z gotovino ali s pla\u010dilno kartico ( mo\u017enost obro\u010dnega pla\u010dila &#8211; ponudnik NLB d.d.)<\/p>\n\n\n\n<p>Pla\u010dilo po povzetju je pla\u010dilo z gotovino ali s pla\u010dilno s kartico PRI GLS. Pri tem lahko nastanejo dodatni stro\u0161ki v vi\u0161ini od 1,45 \u20ac naprej, odvisno od te\u017ee in vi\u0161ine kupnine. V primeru, da vas v \u010dasu dostave ni doma, lahko naro\u010dene izdelke pla\u010date tudi ob prevzemu v paketomatu GLS.&nbsp;<\/p>\n\n\n\n<p>Pla\u010dilni sistem NLB. Mo\u017enost pla\u010dil s slede\u010dimi karticami: Mastercard, Maestro, Visa ..<\/p>\n\n\n\n<p>4. Pla\u010dilo na sede\u017eu podjetja, mo\u017enost pla\u010dila z gotovino ali s pla\u010dilno kartico ( mo\u017enost obro\u010dnega pla\u010dila &#8211; ponudnik NLB d.d.)<\/p>\n\n\n\n<p>Pla\u010dilo po povzetju je pla\u010dilo z gotovino ali s pla\u010dilno s kartico PRI GLS. Pri tem lahko nastanejo dodatni stro\u0161ki v vi\u0161ini od 1,45 \u20ac naprej, odvisno od te\u017ee in vi\u0161ine kupnine. V primeru, da vas v \u010dasu dostave ni doma, lahko naro\u010dene izdelke pla\u010date tudi ob prevzemu v paketomatu GLS.&nbsp;<\/p>\n\n\n\n<p>Pla\u010dilni sistem NLB. Mo\u017enost pla\u010dil s slede\u010dimi karticami: Mastercard, Maestro, Visa ..<\/p>\n\n\n\n<p>2. Dostava naro\u010dila<\/p>\n\n\n\n<p>Dostava naro\u010dila traja od 2 do 4 delovne dni po prejemu ban\u010dnega nakazila oziroma pla\u010dila &#8211; med vikendi in prazniki ni dostave.&nbsp;<\/p>\n\n\n\n<ul class=\"wp-block-list\">\n<li>Ponudnik bo blago oziroma storitev dostavil v dogovorjenem roku.<\/li>\n\n\n\n<li>Pogodbeni partner za dostavo po\u0161iljk je GLS.<\/li>\n\n\n\n<li>Na\u0161 partner pakete dostavlja v dopoldanskih urah na naslov, vnesen ob oddaji naro\u010dila.<\/li>\n\n\n\n<li>Ker dostavna slu\u017eba artikle dostavlja v dopoldanskih urah, se lahko odlo\u010dite tudi za dostavo na katerokoli drugo ime ali naslov.<\/li>\n\n\n\n<li>\u010ce vas v \u010dasu dostave ni na predvidenem mestu (podjetje, pisarna, itd.), bo dostavljalec pustil sporo\u010dilo, na katerem bodo navodila za poznej\u0161i prevzem.<\/li>\n\n\n\n<li>\u010ce kupec blaga ne prejme v nekaj dneh od odpo\u0161iljanja, o tem nemudoma obvesti ponudnika.<\/li>\n\n\n\n<li>Ponudnik v tem primeru ugotovi vzroke in o tem obvesti kupca.<\/li>\n<\/ul>\n\n\n\n<p>Koliko zna\u0161ajo stro\u0161ki dostave za Slovenijo?<\/p>\n\n\n\n<p>Stro\u0161ek po\u0161tnine je odvisen od zneska naro\u010denih izdelkov.<\/p>\n\n\n\n<ul class=\"wp-block-list\">\n<li>Za naro\u010dila do 55\u20ac zna\u0161a po\u0161tnina 3,80\u20ac.<\/li>\n\n\n\n<li>Za naro\u010dila nad 55\u20ac je po\u0161tnina <strong>brezpla\u010dna<\/strong>.<\/li>\n<\/ul>\n\n\n\n<p>Odkupnino paketa lahko GLS kurirju ob dostavi pla\u010date z gotovino ali s kreditno \/ debetno kartico. V primeru, da boste svoje blago pla\u010dali s kartico (Na paketomatih GLS je mo\u017eno samo pla\u010dilo s kartico), se vam bodo dodatno zara\u010dunali stro\u0161ki ban\u010dne provizije v vrednosti 1,43 % od zneska odkupnine, za katero vam bo GLS izdal ra\u010dun. V primeru neuspe\u0161nega poskusa dostave vam bo GLS kurir pustil sporo\u010dilo o prispeli po\u0161iljki. Na sporo\u010dilu je navedena \u0161tevilka paketa in telefonska \u0161tevilka GLS dostavne slu\u017ebe (01 500 11 90), ter njihov elektronski naslov (info@glsslovenia.com).<\/p>\n\n\n\n<p>Prevzem na paketomatu:<\/p>\n\n\n\n<p>Za ob\u010dasne po\u0161iljatelje so GLS Paketne trgovine in Paketomati odli\u010dna re\u0161itev za zanesljivo paketno distribucijo. Slu\u017eijo kot priro\u010dne prevzemne ali oddajne to\u010dke. GLS Paketne trgovine imajo zelo dolge delavnike, GLS Paketomati pa so na voljo 24 ur na dan. V Sloveniji jih je ve\u010d kot 250 Paketnih trgovin in 15 Paketomatov. Pla\u010dilo na Paketomatih je mo\u017eno zgolj S KARTICO.<\/p>\n\n\n\n<p>Odkupnino paketa lahko GLS kurirju ob dostavi pla\u010date z gotovino ali s kreditno \/ debetno kartico. Ob dostavi v Paketomat lahko pla\u010date samo s kartico. V primeru, da boste svoje blago pla\u010dali s kartico, se vam bodo dodatno zara\u010dunali stro\u0161ki ban\u010dne provizije v vrednosti 1,43% od zneska odkupnine, za katero vam bo GLS kurir izdal ra\u010dun.<\/p>\n\n\n\n<p>V primeru neuspe\u0161nega poskusa dostave vam bo GLS kurir pustil sporo\u010dilo o prispeli po\u0161iljki. Na sporo\u010dilu je navedena \u0161tevilka paketa in telefonska \u0161tevilka GLS dostavne slu\u017ebe (01 500 11 90), ter njihov elektronski naslov (info@gls-slovenia.com).<\/p>\n\n\n\n<p>Kam vse dostavljamo naro\u010deno blago?<\/p>\n\n\n\n<p>Naro\u010deno blago dostavljamo na podro\u010dju Republike Slovenije.<\/p>\n\n\n\n<p>Pakete odpo\u0161iljamo 2x tedensko iz skladi\u0161\u010da, ki se nahaja na naslovu Mad\u017earska ul 2., Ljubljana<\/p>\n\n\n\n<p>Po\u0161kodbe pri dostavi<\/p>\n\n\n\n<p>Kupec naj pri prevzemu po\u0161iljke pregleda njeno vsebnost. V primeru po\u0161kodb po\u0161iljke kupec obvesti na info@renew.si, kjer se dogovori za zamenjavo izdelka.<\/p>\n\n\n\n<p>Pla\u010dilo po povzetju je pla\u010dilo z gotovino ali s pla\u010dilno s kartico PRI GLS. Pri tem lahko nastanejo dodatni stro\u0161ki v vi\u0161ini 1,45 \u20ac. V primeru, da vas v \u010dasu dostave ni doma, lahko naro\u010dene izdelke pla\u010date tudi ob prevzemu v paketomatu GLS.&nbsp;<\/p>\n\n\n\n<p>V primeru pla\u010dila po predra\u010dunu z nakazilom na TRR, vam bomo ob nakupu poslali obvestilo o ra\u010dunu, kamor je potrebno opraviti nakazilo. V tem primeru pla\u010date provizijo za opravljeno transakcijo banki ali po\u0161ti skladno z njihovimi pogoji poslovanja.<\/p>\n\n\n\n<p>Pla\u010dilni sistem NLB. Mo\u017enost pla\u010dilo s slede\u010dimi karticami: Mastercard, Maestro, Visa&nbsp;<\/p>\n","protected":false},"excerpt":{"rendered":"<p>Cene in dobavni roki Vse cene v spletni trgovini Renew.si so navedene v EUR in vklju\u010dujejo davek na dodano vrednost (DDV). Veljajo cene ki so objavljene v trenutku oddaje naro\u010dila. Kljub prizadevanjem, da bi zagotovili najbolj a\u017eurne in to\u010dne podatke, se lahko pripeti, da je podatek o ceni napa\u010den. V tem primeru, ali v primeru, [&hellip;]<\/p>\n","protected":false},"author":2,"featured_media":0,"parent":0,"menu_order":0,"comment_status":"closed","ping_status":"closed","template":"","meta":{"_breakdance_hide_in_design_set":false,"_breakdance_tags":"","footnotes":""},"class_list":["post-841","page","type-page","status-publish","hentry"],"_links":{"self":[{"href":"https:\/\/www.renew.si\/en\/wp-json\/wp\/v2\/pages\/841","targetHints":{"allow":["GET"]}}],"collection":[{"href":"https:\/\/www.renew.si\/en\/wp-json\/wp\/v2\/pages"}],"about":[{"href":"https:\/\/www.renew.si\/en\/wp-json\/wp\/v2\/types\/page"}],"author":[{"embeddable":true,"href":"https:\/\/www.renew.si\/en\/wp-json\/wp\/v2\/users\/2"}],"replies":[{"embeddable":true,"href":"https:\/\/www.renew.si\/en\/wp-json\/wp\/v2\/comments?post=841"}],"version-history":[{"count":1,"href":"https:\/\/www.renew.si\/en\/wp-json\/wp\/v2\/pages\/841\/revisions"}],"predecessor-version":[{"id":842,"href":"https:\/\/www.renew.si\/en\/wp-json\/wp\/v2\/pages\/841\/revisions\/842"}],"wp:attachment":[{"href":"https:\/\/www.renew.si\/en\/wp-json\/wp\/v2\/media?parent=841"}],"curies":[{"name":"wp","href":"https:\/\/api.w.org\/{rel}","templated":true}]}}