{"id":843,"date":"2023-06-29T14:26:01","date_gmt":"2023-06-29T12:26:01","guid":{"rendered":"https:\/\/renew.mighty-krulz.si\/?page_id=843"},"modified":"2024-04-03T13:53:45","modified_gmt":"2024-04-03T11:53:45","slug":"podatki-podjetja","status":"publish","type":"page","link":"https:\/\/www.renew.si\/en\/podatki-podjetja\/","title":{"rendered":"Company information"},"content":{"rendered":"<h1 class=\"wp-block-heading\">Company information<\/h1>\n\n\n\n<p>Company information<br>RENEW d.o.o.<br>Mad\u017earska ulica 2,<br>Ljubljana<br>1000 Ljubljana<br>TELEFON: 031 788 887<br>E-PO\u0160TA: INFO@RENEW.SI<br>INSTAGRAM: @SPRAYTAN_RENEW<\/p>\n\n\n\n<p>Dav\u010dna \u0161tevilka:<br>75595044<br>Mati\u010dna:<br>9279334000<br>Zavezanec za DDV: NE<\/p>\n\n\n\n<p>Transakcijski ra\u010duni:<br>SI56 0284 3026 4572 724<br>(odprt 29. 11. 2022, NLB d.d., RENEW, TRGOVINA IN STORITVE, D.O.O.)<\/p>\n\n\n\n<p>RENEW, trgovina in storitve, d.o.o., smo mlado, inovativno in zdravemu na\u010dinu \u017eivljenja naklonjeno podjetje z velikim poslanstvom: ljudem zagotoviti varen in zdrav na\u010din porjavitve. Ker se zavedamo, da so \u0161tevilne tradicionalne metode porjavitve \u0161kodljive za ko\u017eo ter negativno vplivajo na zdravje ljudi (prezgodno staranje, ko\u017eni rak), smo razvili lastno linijo samoporjavitvenih izdelkov za doma\u010do uporabo, ki jih na spletni strani <a href=\"http:\/\/www.renew.si\/en\/\">www.renew.si<\/a> prodajamo pod blagovno znamko Renew. Izdelki so varni, u\u010dinkoviti in enostavni za uporabo, izdelani iz kakovostnih in naravnih sestavin, ki ko\u017eo poleg porjavitve tudi negujejo in nahranijo, tako da lahko posameznik dose\u017ee varen, naraven in \u010dudovit ten ko\u017ee, brez kakr\u0161nih koli po\u0161kodb ali deformacij ko\u017ee. Poleg porjavitvenih izdelkov pa nudimo tudi razne storitve, in sicer nudimo profesionalen nanos barve v kozmeti\u010dnih salonih, ki ga imenujemo &#8220;spraytan&#8221;, ozave\u0161\u010damo o tveganjih tradicionalnih metod son\u010denja in spodbujanju varnih praks porjavitve. Za kozmeti\u010dne salone pa nudimo tudi izobra\u017eevanja za za\u010detek njihove karierne poti v spraytan industriji in nadaljnjo prodajo na\u0161ih izdelkov njihovim strankam.<\/p>","protected":false},"excerpt":{"rendered":"<p>Podatki podjetja Podatki podjetjaRENEW d.o.o.Mad\u017earska ulica 2,Ljubljana1000 LjubljanaTELEFON: 031 788 887E-PO\u0160TA: INFO@RENEW.SIINSTAGRAM: @SPRAYTAN_RENEW Dav\u010dna \u0161tevilka:75595044Mati\u010dna:9279334000Zavezanec za DDV: NE Transakcijski ra\u010duni:SI56 0284 3026 4572 724(odprt 29. 11. 2022, NLB d.d., RENEW, TRGOVINA IN STORITVE, D.O.O.) RENEW, trgovina in storitve, d.o.o., smo mlado, inovativno in zdravemu na\u010dinu \u017eivljenja naklonjeno podjetje z velikim poslanstvom: ljudem zagotoviti varen in [&hellip;]<\/p>\n","protected":false},"author":2,"featured_media":0,"parent":0,"menu_order":0,"comment_status":"closed","ping_status":"closed","template":"","meta":{"_breakdance_hide_in_design_set":false,"_breakdance_tags":"","footnotes":""},"class_list":["post-843","page","type-page","status-publish","hentry"],"_links":{"self":[{"href":"https:\/\/www.renew.si\/en\/wp-json\/wp\/v2\/pages\/843","targetHints":{"allow":["GET"]}}],"collection":[{"href":"https:\/\/www.renew.si\/en\/wp-json\/wp\/v2\/pages"}],"about":[{"href":"https:\/\/www.renew.si\/en\/wp-json\/wp\/v2\/types\/page"}],"author":[{"embeddable":true,"href":"https:\/\/www.renew.si\/en\/wp-json\/wp\/v2\/users\/2"}],"replies":[{"embeddable":true,"href":"https:\/\/www.renew.si\/en\/wp-json\/wp\/v2\/comments?post=843"}],"version-history":[{"count":4,"href":"https:\/\/www.renew.si\/en\/wp-json\/wp\/v2\/pages\/843\/revisions"}],"predecessor-version":[{"id":2217,"href":"https:\/\/www.renew.si\/en\/wp-json\/wp\/v2\/pages\/843\/revisions\/2217"}],"wp:attachment":[{"href":"https:\/\/www.renew.si\/en\/wp-json\/wp\/v2\/media?parent=843"}],"curies":[{"name":"wp","href":"https:\/\/api.w.org\/{rel}","templated":true}]}}