{"id":2523,"date":"2024-07-04T14:43:53","date_gmt":"2024-07-04T12:43:53","guid":{"rendered":"https:\/\/www.renew.si\/?post_type=product&#038;p=2523"},"modified":"2026-04-17T13:48:13","modified_gmt":"2026-04-17T11:48:13","slug":"drops","status":"publish","type":"product","link":"https:\/\/www.renew.si\/en\/product\/drops\/","title":{"rendered":"Luxury Tanning Drops &#8211; Meline"},"content":{"rendered":"<p><strong>Zakaj izbrati Meline Luxury Tanning Drops:<\/strong><\/p>\n<ul>\n<li><strong>Delujejo z va\u0161o najljub\u0161o vla\u017eilno kremo:<\/strong> Preprosto dodajte 2-4 kapljice kapljic v svojo vla\u017eilno kremo, serum ali olje za obraz, da dose\u017eete naraven in enakomeren bronast ten.<\/li>\n<li><strong>Postopna in enakomerna porjavelost:<\/strong> Formula omogo\u010da gradualno porjavelost brez \u010drt in made\u017eev, za naraven videz.<\/li>\n<li><strong>Globoko hidratantna formula:<\/strong> Kapljice so obogatene z globoko hidratantnimi sestavinami, ki poskrbijo za va\u0161o ko\u017eo med in po nanosu.<\/li>\n<li><strong>Brez lis in made\u017eev:<\/strong> Ne pu\u0161\u010dajo lis ali made\u017eev na obla\u010dilih ali ko\u017ei, kar zagotavlja brezskrbno uporabo.<\/li>\n<\/ul>\n<p><strong>Navodila za uporabo Meline Luxury Tanning Drops:<\/strong><\/p>\n<ol>\n<li><strong>Priprava ko\u017ee:<\/strong> Prepri\u010dajte se, da je ko\u017ea \u010dista in suha pred nanosom.<\/li>\n<li><strong>Me\u0161anje z vla\u017eilcem:<\/strong> Zme\u0161ajte 2-4 kapljice kapljic v svojo vla\u017eilno kremo, serum ali olje za obraz. Enakomerno nanesite na obraz in dekolte.<\/li>\n<li><strong>Uporaba na telesu:<\/strong> Za telo zme\u0161ajte 4-6 kapljic v kremo za telo ali vla\u017eilno kremo. Nanesite s kro\u017enimi gibi. Priporo\u010damo uporabo rokavic za enakomeren nanos.<\/li>\n<li><strong>Po nanosu:<\/strong> Po nanosu temeljito umijte roke, da prepre\u010dite morebitno obarvanje.<\/li>\n<\/ol>\n<p><strong>Zakaj so Meline Luxury Tanning Drops najbolj\u0161e za vas:<\/strong><\/p>\n<ul>\n<li><strong>Naravni zlati sijaj:<\/strong> Ustvarite naraven, zlati sijaj, ki poudari va\u0161o naravno lepoto.<\/li>\n<li><strong>Primerno za obraz in telo:<\/strong> Uporabite jih lahko tako na obrazu kot na telesu, kar vam omogo\u010da popolno prilagoditev va\u0161im potrebam.<\/li>\n<li><strong>Hitro su\u0161enje, nelepljiva formula:<\/strong> Hitro se vpije v ko\u017eo in ne pu\u0161\u010da mastnega ob\u010dutka ali lepljivosti.<\/li>\n<li><strong>Veganom prijazna formula brez parabenov:<\/strong> Formulirano brez \u0161kodljivih sestavin, primerno za vse, ki cenijo naravno in varno nego ko\u017ee.<\/li>\n<li><strong>100% naravne DHA aktivne snovi za porjavelost:<\/strong> Za zagotovitev najbolj\u0161ih rezultatov brez nepri\u010dakovanih presene\u010denj.<\/li>\n<\/ul>\n<p>Odkrijte skrivnost naravnega zagorelega videza z Meline Luxury Tanning Drops. Naro\u010dite svoje kapljice za porjavitev \u0161e danes in za\u017earite s svojim zlatim sijajem!<\/p>","protected":false},"excerpt":{"rendered":"<p><strong>Luxury Tanning Drops &#8211; Meline<\/strong> 30 ml | 1 fl oz (vsaka stekleni\u010dka)<\/p>\n<p>&nbsp;<\/p>\n<p><a href=\"https:\/\/www.renew.si\/wp-content\/uploads\/2024\/07\/video-drops.mov\">video drops<\/a><\/p>","protected":false},"featured_media":2525,"comment_status":"open","ping_status":"closed","template":"","meta":[],"product_brand":[],"product_cat":[18],"product_tag":[],"class_list":{"0":"post-2523","1":"product","2":"type-product","3":"status-publish","4":"has-post-thumbnail","6":"product_cat-domaca-raba","8":"first","9":"instock","10":"shipping-taxable","11":"purchasable","12":"product-type-simple"},"_links":{"self":[{"href":"https:\/\/www.renew.si\/en\/wp-json\/wp\/v2\/product\/2523","targetHints":{"allow":["GET"]}}],"collection":[{"href":"https:\/\/www.renew.si\/en\/wp-json\/wp\/v2\/product"}],"about":[{"href":"https:\/\/www.renew.si\/en\/wp-json\/wp\/v2\/types\/product"}],"replies":[{"embeddable":true,"href":"https:\/\/www.renew.si\/en\/wp-json\/wp\/v2\/comments?post=2523"}],"wp:featuredmedia":[{"embeddable":true,"href":"https:\/\/www.renew.si\/en\/wp-json\/wp\/v2\/media\/2525"}],"wp:attachment":[{"href":"https:\/\/www.renew.si\/en\/wp-json\/wp\/v2\/media?parent=2523"}],"wp:term":[{"taxonomy":"product_brand","embeddable":true,"href":"https:\/\/www.renew.si\/en\/wp-json\/wp\/v2\/product_brand?post=2523"},{"taxonomy":"product_cat","embeddable":true,"href":"https:\/\/www.renew.si\/en\/wp-json\/wp\/v2\/product_cat?post=2523"},{"taxonomy":"product_tag","embeddable":true,"href":"https:\/\/www.renew.si\/en\/wp-json\/wp\/v2\/product_tag?post=2523"}],"curies":[{"name":"wp","href":"https:\/\/api.w.org\/{rel}","templated":true}]}}