{"id":2686,"date":"2024-08-01T15:11:54","date_gmt":"2024-08-01T13:11:54","guid":{"rendered":"https:\/\/www.renew.si\/?post_type=product&#038;p=2686"},"modified":"2025-11-21T22:31:34","modified_gmt":"2025-11-21T21:31:34","slug":"meline-glow-pena","status":"publish","type":"product","link":"https:\/\/www.renew.si\/en\/product\/meline-glow-pena\/","title":{"rendered":"Meline Glow Pena"},"content":{"rendered":"<p><b>\u00a0Meline-Glow pena:<\/b><\/p>\n<ul>\n<li><b>Bronast in temen odtenek:<\/b> Ustvarite naraven in enakomeren bronast odtenek, ki vas bo naredil zvezdo vsakega poletnega dne.<\/li>\n<li><b>Primerno za vse tipe ko\u017ee:<\/b> Ne glede na to, ali imate suho, mastno ali ob\u010dutljivo ko\u017eo, je Meline-Glow Tan primerna izbira za vas.<\/li>\n<li><b>Brez oran\u017enih tonov:<\/b> Na\u0161a formula je skrbno oblikovana, da prepre\u010di nastanek ne\u017eelenih oran\u017enih odtenkov.<\/li>\n<li><b>Prijeten vonj:<\/b> U\u017eivajte v osve\u017eujo\u010dem in prijetnem vonju med nanosom, brez neprijetnih vonjav po samoporjavitvenih izdelkih.<\/li>\n<li><b>Naravne sestavine \u2013 brez parabenov:<\/b> Prepri\u010dani smo v kakovost na\u0161ih izdelkov, zato uporabljamo le najbolj\u0161e naravne sestavine, brez \u0161kodljivih parabenov<\/li>\n<\/ul>\n<p><em>Ne vsebuje rokavice za nana\u0161anje.<\/em><\/p>","protected":false},"excerpt":{"rendered":"<p>Create a natural-looking tan that complements your skin,\nFace and body foam.<\/p>","protected":false},"featured_media":2535,"comment_status":"open","ping_status":"closed","template":"","meta":[],"product_brand":[],"product_cat":[18],"product_tag":[],"class_list":{"0":"post-2686","1":"product","2":"type-product","3":"status-publish","4":"has-post-thumbnail","6":"product_cat-domaca-raba","8":"first","9":"instock","10":"sale","11":"shipping-taxable","12":"purchasable","13":"product-type-simple"},"_links":{"self":[{"href":"https:\/\/www.renew.si\/en\/wp-json\/wp\/v2\/product\/2686","targetHints":{"allow":["GET"]}}],"collection":[{"href":"https:\/\/www.renew.si\/en\/wp-json\/wp\/v2\/product"}],"about":[{"href":"https:\/\/www.renew.si\/en\/wp-json\/wp\/v2\/types\/product"}],"replies":[{"embeddable":true,"href":"https:\/\/www.renew.si\/en\/wp-json\/wp\/v2\/comments?post=2686"}],"wp:featuredmedia":[{"embeddable":true,"href":"https:\/\/www.renew.si\/en\/wp-json\/wp\/v2\/media\/2535"}],"wp:attachment":[{"href":"https:\/\/www.renew.si\/en\/wp-json\/wp\/v2\/media?parent=2686"}],"wp:term":[{"taxonomy":"product_brand","embeddable":true,"href":"https:\/\/www.renew.si\/en\/wp-json\/wp\/v2\/product_brand?post=2686"},{"taxonomy":"product_cat","embeddable":true,"href":"https:\/\/www.renew.si\/en\/wp-json\/wp\/v2\/product_cat?post=2686"},{"taxonomy":"product_tag","embeddable":true,"href":"https:\/\/www.renew.si\/en\/wp-json\/wp\/v2\/product_tag?post=2686"}],"curies":[{"name":"wp","href":"https:\/\/api.w.org\/{rel}","templated":true}]}}