{"id":2687,"date":"2024-08-01T15:13:44","date_gmt":"2024-08-01T13:13:44","guid":{"rendered":"https:\/\/www.renew.si\/?post_type=product&#038;p=2687"},"modified":"2025-10-30T02:57:49","modified_gmt":"2025-10-30T01:57:49","slug":"paket1","status":"publish","type":"product","link":"https:\/\/www.renew.si\/en\/product\/paket1\/","title":{"rendered":"PAKET Meline: Kapljice in pena + gratis rokavi\u010dka"},"content":{"rendered":"<h3><strong>Popoln Paket za Naravno Zagorelost: Meline-Glow Tan Samoporjavitvena Pena + Luxury Tanning Drops<\/strong><\/h3>\n<p><strong>Odkrijte Sanjski, Naravno Zagorel Videz Brez Izpostavljanja Soncu!<\/strong><\/p>\n<p>Pripravljeni, da svoji ko\u017ei podarite \u010dudovit bronast sijaj? Na\u0161 ekskluzivni paket zdru\u017euje mo\u010d <strong>Meline-Glow Tan Samoporjavitvene Pene<\/strong> and <strong>Luxury Tanning Drops<\/strong>, da dose\u017eete popoln, naravno zagorel videz brez izpostavljanja \u0161kodljivim UV \u017earkom.<\/p>\n<h4><strong>Kaj Vsebuje Paket?<\/strong><\/h4>\n<p><strong>1. Meline-Glow Tan Samoporjavitvena Pena<\/strong><\/p>\n<ul>\n<li><strong>Popoln Bronast Ten:<\/strong> Ustvarite naraven, enakomeren bronast odtenek, ki se prilagodi vsem tipom ko\u017ee.<\/li>\n<li><strong>Brez Oran\u017enih Tonov:<\/strong> Na\u0161a formula prepre\u010duje neza\u017eelene oran\u017ene odtenke in zagotavlja brezhiben videz.<\/li>\n<li><strong>Prijeten Vonj:<\/strong> U\u017eivajte v osve\u017eujo\u010dem vonju brez neprijetnih vonjav, ki jih imajo obi\u010dajni samoporjavitveni izdelki.<\/li>\n<li><strong>Hitra Uporaba:<\/strong> Pena se hitro vpije, ne pu\u0161\u010da made\u017eev in je primerna za vsakodnevno uporabo.<\/li>\n<\/ul>\n<p><strong>2. Luxury Tanning Drops za Obraz in Dekolte<\/strong><\/p>\n<ul>\n<li><strong>Zlati Sijaj:<\/strong> Kapljice zagotavljajo postopno, naravno porjavelost z zdravim zlatim sijajem.<\/li>\n<li><strong>Enostavno Prilagodljiv Odtenek:<\/strong> Zme\u0161ajte kapljice z va\u0161o najljub\u0161o vla\u017eilno kremo ali serumom in ustvarite popoln odtenek po meri.<\/li>\n<li><strong>Brez Lis:<\/strong> Kapljice ne pu\u0161\u010dajo lis in made\u017eev, hitro se vpijejo in so primerne za obraz in telo.<\/li>\n<li><strong>Naravne Sestavine:<\/strong> Izdelek je brez parabenov in temelji na 100% naravnih DHA aktivnih snoveh.<\/li>\n<\/ul>\n<h4><strong>Posebni Bonus: Rokavica za Enakomeren Nanos<\/strong><\/h4>\n<p>Za \u0161e bolj profesionalen nanos prejmete <strong>rokavico za nanos<\/strong>, ki zagotavlja enakomerno porjavelost brez \u010drt in made\u017eev. Z rokavico boste la\u017eje dosegli popoln rezultat, va\u0161a ko\u017ea pa bo videti gladka in negovana.<\/p>\n<h4><strong>Zakaj Izbrati Meline Paket za Naravno Zagorelost?<\/strong><\/h4>\n<ul>\n<li><strong>Vse-v-Enem Re\u0161itev:<\/strong> Vse, kar potrebujete za brezhibno, naravno zagorelost.<\/li>\n<li><strong>Primerno za Vse Tipe Ko\u017ee:<\/strong> Na\u0161i izdelki so primerni za suho, mastno in ob\u010dutljivo ko\u017eo.<\/li>\n<li><strong>Veganom Prijazno:<\/strong> Na\u0161a formula ne vsebuje parabenov in je prijazna do veganov.<\/li>\n<\/ul>\n<p>Ne odla\u0161ajte ve\u010d \u2013 preizkusite na\u0161 paket in odkrijte, kako lahko va\u0161a ko\u017ea zasije v vsej svoji lepoti.<\/p>\n<p><strong>Naro\u010dite svoj paket \u0161e danes in za\u017earite v svoji najlep\u0161i ko\u017ei!<\/strong><\/p>\n<div style=\"width: 720px;\" class=\"wp-video\"><video class=\"wp-video-shortcode\" id=\"video-2687-1\" width=\"720\" height=\"1280\" autoplay preload=\"auto\" controls=\"controls\"><source type=\"video\/mp4\" src=\"https:\/\/www.renew.si\/wp-content\/uploads\/2024\/07\/1545e5ec59e74af0bc59a88660942b3e.mp4?_=1\" \/><a href=\"https:\/\/www.renew.si\/wp-content\/uploads\/2024\/07\/1545e5ec59e74af0bc59a88660942b3e.mp4\">https:\/\/www.renew.si\/wp-content\/uploads\/2024\/07\/1545e5ec59e74af0bc59a88660942b3e.mp4<\/a><\/video><\/div>","protected":false},"excerpt":{"rendered":"<p><strong>Luxury Tanning Drops &#8211; Meline<\/strong> 30 ml | 1 fl oz (vsaka stekleni\u010dka)<\/p>\n<p><strong>Zlati Sijaj za Obraz in Dekolte<\/strong><\/p>\n<p>Ponujamo vam Meline Luxury Tanning Drops &#8211; inovativne kapljice za porjavitev, ki bodo va\u0161i ko\u017ei dodale naraven in zdrav sijaj, brez potrebe po izpostavljanju soncu.<\/p>\n<p><img loading=\"lazy\" decoding=\"async\" class=\"alignnone size-medium wp-image-2524\" src=\"https:\/\/www.renew.si\/wp-content\/uploads\/2024\/07\/unnamed-202x300.jpg\" alt=\"\" width=\"202\" height=\"300\" srcset=\"https:\/\/www.renew.si\/wp-content\/uploads\/2024\/07\/unnamed-202x300.jpg 202w, https:\/\/www.renew.si\/wp-content\/uploads\/2024\/07\/unnamed-688x1024.jpg 688w, https:\/\/www.renew.si\/wp-content\/uploads\/2024\/07\/unnamed-768x1143.jpg 768w, https:\/\/www.renew.si\/wp-content\/uploads\/2024\/07\/unnamed-1032x1536.jpg 1032w, https:\/\/www.renew.si\/wp-content\/uploads\/2024\/07\/unnamed-8x12.jpg 8w, https:\/\/www.renew.si\/wp-content\/uploads\/2024\/07\/unnamed-600x893.jpg 600w, https:\/\/www.renew.si\/wp-content\/uploads\/2024\/07\/unnamed.jpg 1170w\" sizes=\"auto, (max-width: 202px) 100vw, 202px\" \/><img loading=\"lazy\" decoding=\"async\" class=\"alignnone size-medium wp-image-2532\" src=\"https:\/\/www.renew.si\/wp-content\/uploads\/2024\/07\/f3b3d5_f32ca524c40d4906bcbf055e945af97fmv2-1-225x300.png\" alt=\"\" width=\"225\" height=\"300\" srcset=\"https:\/\/www.renew.si\/wp-content\/uploads\/2024\/07\/f3b3d5_f32ca524c40d4906bcbf055e945af97fmv2-1-225x300.png 225w, https:\/\/www.renew.si\/wp-content\/uploads\/2024\/07\/f3b3d5_f32ca524c40d4906bcbf055e945af97fmv2-1-9x12.png 9w, https:\/\/www.renew.si\/wp-content\/uploads\/2024\/07\/f3b3d5_f32ca524c40d4906bcbf055e945af97fmv2-1.png 540w\" sizes=\"auto, (max-width: 225px) 100vw, 225px\" \/><\/p>\n<p><a href=\"https:\/\/www.renew.si\/wp-content\/uploads\/2024\/07\/video-drops.mov\">video drops<\/a><\/p>","protected":false},"featured_media":2765,"comment_status":"open","ping_status":"closed","template":"","meta":[],"product_brand":[],"product_cat":[18],"product_tag":[],"class_list":{"0":"post-2687","1":"product","2":"type-product","3":"status-publish","4":"has-post-thumbnail","6":"product_cat-domaca-raba","8":"first","9":"instock","10":"sale","11":"shipping-taxable","12":"purchasable","13":"product-type-simple"},"_links":{"self":[{"href":"https:\/\/www.renew.si\/en\/wp-json\/wp\/v2\/product\/2687","targetHints":{"allow":["GET"]}}],"collection":[{"href":"https:\/\/www.renew.si\/en\/wp-json\/wp\/v2\/product"}],"about":[{"href":"https:\/\/www.renew.si\/en\/wp-json\/wp\/v2\/types\/product"}],"replies":[{"embeddable":true,"href":"https:\/\/www.renew.si\/en\/wp-json\/wp\/v2\/comments?post=2687"}],"wp:featuredmedia":[{"embeddable":true,"href":"https:\/\/www.renew.si\/en\/wp-json\/wp\/v2\/media\/2765"}],"wp:attachment":[{"href":"https:\/\/www.renew.si\/en\/wp-json\/wp\/v2\/media?parent=2687"}],"wp:term":[{"taxonomy":"product_brand","embeddable":true,"href":"https:\/\/www.renew.si\/en\/wp-json\/wp\/v2\/product_brand?post=2687"},{"taxonomy":"product_cat","embeddable":true,"href":"https:\/\/www.renew.si\/en\/wp-json\/wp\/v2\/product_cat?post=2687"},{"taxonomy":"product_tag","embeddable":true,"href":"https:\/\/www.renew.si\/en\/wp-json\/wp\/v2\/product_tag?post=2687"}],"curies":[{"name":"wp","href":"https:\/\/api.w.org\/{rel}","templated":true}]}}