{"id":328,"date":"2023-05-10T08:17:24","date_gmt":"2023-05-10T06:17:24","guid":{"rendered":"https:\/\/renew.mighty-krulz.si\/?post_type=product&#038;p=328"},"modified":"2026-04-17T11:09:39","modified_gmt":"2026-04-17T09:09:39","slug":"penica-in-rokavica-embalaza","status":"publish","type":"product","link":"https:\/\/www.renew.si\/en\/product\/penica-in-rokavica-embalaza\/","title":{"rendered":"Penica in rokavica"},"content":{"rendered":"<p><strong>THE PACKAGE INCLUDES:<\/strong><\/p>\n<ol>\n<li><strong>TANNING FOAM<\/strong><\/li>\n<li><strong>APPLICATION GLOVE FOR FOAM\u00a0<\/strong><\/li>\n<li><strong>GIFT PACKAGING<\/strong><\/li>\n<\/ol>\n<p>&nbsp;<\/p>\n<p>Hidra- Glow samoporjavitvena pena za obraz in telo. Z svojimi u\u010dinkovinami ti pri\u010dara \u010dudoviti zagorel ten, hkrati pa z dodatkom KOKOSOVE VODE\ud83e\udd65 ko\u017eo globinsko hidrira in neguje.<\/p>\n<p>&nbsp;<\/p>\n<p>SAMOPORJAVITVENA PENA- 100ml<\/p>\n<p>Bronzed and glowing complexion for ultra-hydrated skin. \ud83d\udca6 Achieve a natural bronzed look for your FACE and BODY.<\/p>\n<p>\u2764\ufe0f SUNFLOWER OIL<\/p>\n<p>Rich in vitamins (A, E, C, and D) and fatty acids, acts as an antioxidant on the skin, regenerating and nourishing it.<\/p>\n<p>\u2764\ufe0f COCOA BUTTER<\/p>\n<p>Forms a protective layer on the skin, maintaining moisture within it. Leaves the skin smooth, supple, and silky.<\/p>\n<p>\u2764\ufe0f ROSEHIP OIL<\/p>\n<p>Quickly absorbs into the skin, forming a protective layer (preventing skin dehydration).<\/p>\n<p><u><strong>Paraben and sulfate-free \/ Hypoallergenic \/ Vegan\u00a0<\/strong><\/u><\/p>\n<p>ZNA\u010cILNOSTI:<\/p>\n<p>\u2714\ufe0f Creates a naturally bronzed skin look,<\/p>\n<p>\u2714\ufe0f Without streaks and stains<\/p>\n<p>\u2714\ufe0f Ultra moisturizing for the skin<\/p>\n<p>\u2714\ufe0f No orange tones<\/p>\n<p>\u2714\ufe0f Pleasant coconut scent \ud83e\udd65<\/p>\n<p>\u2714\ufe0f Lightweight, non-sticky formula,<\/p>\n<p>\u2714\ufe0f Instantly absorbed into the skin<\/p>\n<p>\u2714\ufe0f Easy-to-apply formula<\/p>\n<p>\u2714\ufe0f Suitable for all TYPES and TONES of skin<\/p>\n<p>\u2714\ufe0f Also suitable for very DRY, PALE, and IRRITATED facial skin<\/p>\n<p>&nbsp;<\/p>\n<p>\u274c Porjavelost brez \u0161kodljivih son\u010dnih \u017earkov in solarijev,<\/p>\n<p>\u274c Ne pu\u0161\u010da made\u017eev in lis<\/p>\n<p>Bronasto svetle\u010di sijaj OBRAZA in TELESA.\u2728<\/p>","protected":false},"excerpt":{"rendered":"<p>PAKET VSEBUJE: PORJAVITVENA PENA ROKAVI\u010cKA ZA NANA\u0160ANJE PENE\u00a0 DARILNA EMBALA\u017dA &nbsp; Hidra- Glow samoporjavitvena pena za obraz in telo. Z svojimi u\u010dinkovinami ti pri\u010dara \u010dudoviti zagorel ten, hkrati pa z dodatkom KOKOSOVE VODE\ud83e\udd65 ko\u017eo globinsko hidrira in neguje. &nbsp; SAMOPORJAVITVENA PENA- 100ml Bronast in svetle\u010d sijaj obraza ter telesa za ultra hidratantno ko\u017eo.\ud83d\udca6\u00a0\u00a0Dosezi naravni izgled [&hellip;]<\/p>\n","protected":false},"featured_media":331,"comment_status":"open","ping_status":"closed","template":"","meta":[],"product_brand":[],"product_cat":[18],"product_tag":[],"class_list":{"0":"post-328","1":"product","2":"type-product","3":"status-publish","4":"has-post-thumbnail","6":"product_cat-domaca-raba","8":"first","9":"instock","10":"sale","11":"shipping-taxable","12":"purchasable","13":"product-type-simple"},"_links":{"self":[{"href":"https:\/\/www.renew.si\/en\/wp-json\/wp\/v2\/product\/328","targetHints":{"allow":["GET"]}}],"collection":[{"href":"https:\/\/www.renew.si\/en\/wp-json\/wp\/v2\/product"}],"about":[{"href":"https:\/\/www.renew.si\/en\/wp-json\/wp\/v2\/types\/product"}],"replies":[{"embeddable":true,"href":"https:\/\/www.renew.si\/en\/wp-json\/wp\/v2\/comments?post=328"}],"wp:featuredmedia":[{"embeddable":true,"href":"https:\/\/www.renew.si\/en\/wp-json\/wp\/v2\/media\/331"}],"wp:attachment":[{"href":"https:\/\/www.renew.si\/en\/wp-json\/wp\/v2\/media?parent=328"}],"wp:term":[{"taxonomy":"product_brand","embeddable":true,"href":"https:\/\/www.renew.si\/en\/wp-json\/wp\/v2\/product_brand?post=328"},{"taxonomy":"product_cat","embeddable":true,"href":"https:\/\/www.renew.si\/en\/wp-json\/wp\/v2\/product_cat?post=328"},{"taxonomy":"product_tag","embeddable":true,"href":"https:\/\/www.renew.si\/en\/wp-json\/wp\/v2\/product_tag?post=328"}],"curies":[{"name":"wp","href":"https:\/\/api.w.org\/{rel}","templated":true}]}}