{"id":351,"date":"2023-05-10T08:53:28","date_gmt":"2023-05-10T06:53:28","guid":{"rendered":"https:\/\/renew.mighty-krulz.si\/?post_type=product&#038;p=351"},"modified":"2025-08-09T03:59:57","modified_gmt":"2025-08-09T01:59:57","slug":"unisex-glow","status":"publish","type":"product","link":"https:\/\/www.renew.si\/en\/product\/unisex-glow\/","title":{"rendered":"UNISEX GLOW"},"content":{"rendered":"<p><strong>Tan VODICA\u00a0ZA POSTOPNO SAMOPORJAVITEV (100 ML)<\/strong><\/p>\n<p>HIDRACIJA + TAN ZA OBRAZ<\/p>\n<ul>\n<li>Bronast in svetle\u010d\u00a0sijaj obraza za ultra hidratantno ko\u017eo<\/li>\n<li>For all skin types<\/li>\n<li>Posebej oblikovano za obraz.<\/li>\n<li>Without orange tones.<\/li>\n<li>Zelo di\u0161i<\/li>\n<\/ul>\n<p>Brez oran\u017enih odtenkov<\/p>\n<ul>\n<li>ARGANOVO OLJE &#8211; ko\u017eo neguje in spodbuja obnavljanje celic.<\/li>\n<li>OLJE MAKADAMIJE &#8211; ko\u017eo u\u010dinkovito vla\u017ei in hidrira.<\/li>\n<li>KOKOSOVO OLJE &#8211; ko\u017eo ohranja gladko, mehko in intenzivno navla\u017eeno. Pomiri tudi razdra\u017eeno in ob\u010dutljivo ko\u017eo \ud83e\udd65<\/li>\n<li>JOJOBINO OLJE &#8211; teko\u010di vosek, ki odli\u010dno neguje ob\u010dutljivo, zrelo ter k aknam nagnjeno ko\u017eo.<\/li>\n<li>\u0160IPKOVO OLJE &#8211; Se hitro vpije v ko\u017eo ter Naredi za\u0161\u010ditni sloj (prepre\u010duje dehidracijo ko\u017ee).<\/li>\n<li>OLJE GROZNIH PE\u010cK &#8211; dobra navla\u017eitev in hidracija ko\u017ee \ud83c\udf47<\/li>\n<li>AVOKADOVO OLJE &#8211; Pripomore k obnovi hidrolipidnega pla\u0161\u010da ko\u017ee, ter s tem izbolj\u0161a za\u0161\u010ditno funkcijo ko\u017ee \ud83e\udd51<\/li>\n<\/ul>\n<p><em>Naravne sestavine &#8211; brez parabenov<\/em><\/p>","protected":false},"excerpt":{"rendered":"<p>Easy tanning, specifically designed for the face. Premium ingredients that nourish facial skin.<\/p>","protected":false},"featured_media":673,"comment_status":"open","ping_status":"closed","template":"","meta":[],"product_brand":[],"product_cat":[18],"product_tag":[],"class_list":{"0":"post-351","1":"product","2":"type-product","3":"status-publish","4":"has-post-thumbnail","6":"product_cat-domaca-raba","8":"first","9":"instock","10":"sale","11":"shipping-taxable","12":"purchasable","13":"product-type-simple"},"_links":{"self":[{"href":"https:\/\/www.renew.si\/en\/wp-json\/wp\/v2\/product\/351","targetHints":{"allow":["GET"]}}],"collection":[{"href":"https:\/\/www.renew.si\/en\/wp-json\/wp\/v2\/product"}],"about":[{"href":"https:\/\/www.renew.si\/en\/wp-json\/wp\/v2\/types\/product"}],"replies":[{"embeddable":true,"href":"https:\/\/www.renew.si\/en\/wp-json\/wp\/v2\/comments?post=351"}],"wp:featuredmedia":[{"embeddable":true,"href":"https:\/\/www.renew.si\/en\/wp-json\/wp\/v2\/media\/673"}],"wp:attachment":[{"href":"https:\/\/www.renew.si\/en\/wp-json\/wp\/v2\/media?parent=351"}],"wp:term":[{"taxonomy":"product_brand","embeddable":true,"href":"https:\/\/www.renew.si\/en\/wp-json\/wp\/v2\/product_brand?post=351"},{"taxonomy":"product_cat","embeddable":true,"href":"https:\/\/www.renew.si\/en\/wp-json\/wp\/v2\/product_cat?post=351"},{"taxonomy":"product_tag","embeddable":true,"href":"https:\/\/www.renew.si\/en\/wp-json\/wp\/v2\/product_tag?post=351"}],"curies":[{"name":"wp","href":"https:\/\/api.w.org\/{rel}","templated":true}]}}