{"id":365,"date":"2023-05-10T09:09:04","date_gmt":"2023-05-10T07:09:04","guid":{"rendered":"https:\/\/renew.mighty-krulz.si\/?post_type=product&#038;p=365"},"modified":"2025-06-14T04:37:22","modified_gmt":"2025-06-14T02:37:22","slug":"spray-copic-renew","status":"publish","type":"product","link":"https:\/\/www.renew.si\/en\/product\/spray-copic-renew\/","title":{"rendered":"RENEW SPRAY + BRUSH"},"content":{"rendered":"<p>SPRAY NA PRITISK + \u010cOPI\u010c<\/p>\n<p>Quick and easy application.<br \/>\nFast-drying formula, non-greasy or sticky skin<br \/>\nScent: coconut<br \/>\nNo streaks or orange tone!<br \/>\nSuitable for all skin types<br \/>\nSulfate and paraben-free<br \/>\nUses naturally derived alcohol<br \/>\n200ML<br \/>\nSami si lahko ustvarite popolnoma naravno bronast ten ko\u017ee,<br \/>\nPorjavitev v samo 5 minutah.<br \/>\nZa ve\u010dkratno uporabo.<\/p>","protected":false},"excerpt":{"rendered":"<p>SPRAY NA PRITISK + \u010cOPI\u010c Hiter in enostaven nanos. Formula za hitro su\u0161enje, ko\u017ea ni mastna ali lepljiva. Vonj: kokos Brez lis in oran\u017enega tona! Primerno za vse tipe ko\u017ee. Brez sulfatov in parabenov. Uporaba naravno pridobljenega alkohola. 200ML Sami si lahko ustvarite popolnoma naravno bronast ten ko\u017ee, Porjavitev v samo 5 minutah. Za ve\u010dkratno [&hellip;]<\/p>\n","protected":false},"featured_media":366,"comment_status":"open","ping_status":"closed","template":"","meta":[],"product_brand":[],"product_cat":[18],"product_tag":[],"class_list":{"0":"post-365","1":"product","2":"type-product","3":"status-publish","4":"has-post-thumbnail","6":"product_cat-domaca-raba","8":"first","9":"instock","10":"sale","11":"shipping-taxable","12":"purchasable","13":"product-type-simple"},"_links":{"self":[{"href":"https:\/\/www.renew.si\/en\/wp-json\/wp\/v2\/product\/365","targetHints":{"allow":["GET"]}}],"collection":[{"href":"https:\/\/www.renew.si\/en\/wp-json\/wp\/v2\/product"}],"about":[{"href":"https:\/\/www.renew.si\/en\/wp-json\/wp\/v2\/types\/product"}],"replies":[{"embeddable":true,"href":"https:\/\/www.renew.si\/en\/wp-json\/wp\/v2\/comments?post=365"}],"wp:featuredmedia":[{"embeddable":true,"href":"https:\/\/www.renew.si\/en\/wp-json\/wp\/v2\/media\/366"}],"wp:attachment":[{"href":"https:\/\/www.renew.si\/en\/wp-json\/wp\/v2\/media?parent=365"}],"wp:term":[{"taxonomy":"product_brand","embeddable":true,"href":"https:\/\/www.renew.si\/en\/wp-json\/wp\/v2\/product_brand?post=365"},{"taxonomy":"product_cat","embeddable":true,"href":"https:\/\/www.renew.si\/en\/wp-json\/wp\/v2\/product_cat?post=365"},{"taxonomy":"product_tag","embeddable":true,"href":"https:\/\/www.renew.si\/en\/wp-json\/wp\/v2\/product_tag?post=365"}],"curies":[{"name":"wp","href":"https:\/\/api.w.org\/{rel}","templated":true}]}}