{"id":380,"date":"2023-05-10T09:18:57","date_gmt":"2023-05-10T07:18:57","guid":{"rendered":"https:\/\/renew.mighty-krulz.si\/?post_type=product&#038;p=380"},"modified":"2023-07-06T12:35:40","modified_gmt":"2023-07-06T10:35:40","slug":"rokavicka-renew","status":"publish","type":"product","link":"https:\/\/www.renew.si\/en\/product\/rokavicka-renew\/","title":{"rendered":"RENEW GLOVE"},"content":{"rendered":"<p>Renew rokavi\u010dka ponuja hitro in brezhibno nana\u0161anje + odstranjevanje samoporjavitvenih izdelkov.<br \/>\nVisokokakovostna rokavica gladko nanese popolno koli\u010dino izdelka na ko\u017eo in brez te\u017eav odstrani izdelek, kar ustvarja popoln nanos barve.<\/p>\n<p>Klju\u010dne lastnosti:<\/p>\n<p>Rokavica RENEW za samoporjavite za la\u017eji in hitrej\u0161i nanos<\/p>\n<p>Rokavica za nanos porjavitve, ki zagotavlja brezhibno samoporjavitev. Mehak, \u017eameten material enakomerno pomaga pri peni, losjonu in vodici. Nudi popolno brezhibno naravno porjavelost brez made\u017eev. Rokavi\u010dka je enostavena za uporabo in za nego. Obvezen dodatek za samoporjavitvene izdelke<\/p>\n<p>Lastnosti:<\/p>\n<p>Mehak, \u017eameten material za \u010dim bolj gladek nanos<br \/>\n\u0160\u010diti roke pred made\u017ei<br \/>\nDvostranski<br \/>\nEnakomerno me\u0161a pene za porjavitev, losjone in meglice<br \/>\nPonovno uporabna<br \/>\nSuitable for face and body<br \/>\nRezultati brez lis<\/p>\n<p>88 % poliester, 5 % najlon in 7 % poliuretan.<\/p>\n<p>Pred ponovno uporabo pusti, da se posu\u0161i na zraku.<\/p>\n<p>Rokavica je omogo\u010da ve\u010dkratno uporabo in zagotavlja enakomeren nanos za najbolj\u0161e rezultate. Lahko jo tudi opere\u0161. Tvoja ko\u017ea bo \u010dudovito porjavela brez ne\u017eelenih lis.<\/p>\n<p>Za ve\u010dkratno uporabo<br \/>\nPralna v pralnem stroju<br \/>\nUporabna na obeh straneh<br \/>\nIzjemno mehka<\/p>","protected":false},"excerpt":{"rendered":"<p>Renew rokavi\u010dka ponuja hitro in brezhibno nana\u0161anje + odstranjevanje samoporjavitvenih izdelkov. Visokokakovostna rokavica gladko nanese popolno koli\u010dino izdelka na ko\u017eo in brez te\u017eav odstrani izdelek, kar ustvarja popoln nanos barve. Klju\u010dne lastnosti: Rokavica RENEW za samoporjavite za la\u017eji in hitrej\u0161i nanos Rokavica za nanos porjavitve, ki zagotavlja brezhibno samoporjavitev. Mehak, \u017eameten material enakomerno pomaga pri [&hellip;]<\/p>\n","protected":false},"featured_media":668,"comment_status":"open","ping_status":"closed","template":"","meta":[],"product_brand":[],"product_cat":[18],"product_tag":[],"class_list":{"0":"post-380","1":"product","2":"type-product","3":"status-publish","4":"has-post-thumbnail","6":"product_cat-domaca-raba","8":"first","9":"instock","10":"sale","11":"shipping-taxable","12":"purchasable","13":"product-type-simple"},"_links":{"self":[{"href":"https:\/\/www.renew.si\/en\/wp-json\/wp\/v2\/product\/380","targetHints":{"allow":["GET"]}}],"collection":[{"href":"https:\/\/www.renew.si\/en\/wp-json\/wp\/v2\/product"}],"about":[{"href":"https:\/\/www.renew.si\/en\/wp-json\/wp\/v2\/types\/product"}],"replies":[{"embeddable":true,"href":"https:\/\/www.renew.si\/en\/wp-json\/wp\/v2\/comments?post=380"}],"wp:featuredmedia":[{"embeddable":true,"href":"https:\/\/www.renew.si\/en\/wp-json\/wp\/v2\/media\/668"}],"wp:attachment":[{"href":"https:\/\/www.renew.si\/en\/wp-json\/wp\/v2\/media?parent=380"}],"wp:term":[{"taxonomy":"product_brand","embeddable":true,"href":"https:\/\/www.renew.si\/en\/wp-json\/wp\/v2\/product_brand?post=380"},{"taxonomy":"product_cat","embeddable":true,"href":"https:\/\/www.renew.si\/en\/wp-json\/wp\/v2\/product_cat?post=380"},{"taxonomy":"product_tag","embeddable":true,"href":"https:\/\/www.renew.si\/en\/wp-json\/wp\/v2\/product_tag?post=380"}],"curies":[{"name":"wp","href":"https:\/\/api.w.org\/{rel}","templated":true}]}}