{"id":386,"date":"2023-05-10T09:24:05","date_gmt":"2023-05-10T07:24:05","guid":{"rendered":"https:\/\/renew.mighty-krulz.si\/?post_type=product&#038;p=386"},"modified":"2024-11-03T07:42:14","modified_gmt":"2024-11-03T06:42:14","slug":"copic-renew-tan-brush-rose-gold","status":"publish","type":"product","link":"https:\/\/www.renew.si\/en\/product\/copic-renew-tan-brush-rose-gold\/","title":{"rendered":"Renew Rose Gold brush"},"content":{"rendered":"<p><strong>The Renew Tan Brush ensures perfect color application of the self-tanning spray!\u00a0<\/strong><\/p>\n<p>&nbsp;<\/p>\n<p>It applies the spray color very nicely, and because it is well blended into the skin, pores are less visible (especially when applying the base with circular motions).<\/p>\n<p><strong>The brushes are made of synthetic bristles, which are incredibly soft and hand-trimmed.<\/strong><\/p>\n<p>Lastnosti:<\/p>\n<p>&#8211; za nanos tan izdelkov<\/p>\n<p>&#8211; za nanos pudrastih izdelkov<\/p>\n<p>&#8211; ima mehke \u0161\u010detine<\/p>\n<p>&#8211; posebna oblika za enostavno nana\u0161anje<\/p>\n<p>&#8211; odli\u010dno se prilega roki<\/p>","protected":false},"excerpt":{"rendered":"<p>\u010copi\u010d Renew Tan Brush bo zagotovil popolno barvo in nana\u0161anje samoporjavitvenega spraya!\u00a0 &nbsp; Zelo lepo nanese barvo spraya, zaradi tega, ker jo z njim dobro vtremo v ko\u017eo pa so tudi pore manj vidne (\u0161e posebej \u010de podlago nana\u0161amo s kro\u017enimi gibi). \u010copi\u010di so izdelani iz sinteti\u010dnih \u0161\u010detin, ki so neverjetno mehke in ro\u010dno prirezane. [&hellip;]<\/p>\n","protected":false},"featured_media":1588,"comment_status":"open","ping_status":"closed","template":"","meta":[],"product_brand":[],"product_cat":[18],"product_tag":[],"class_list":{"0":"post-386","1":"product","2":"type-product","3":"status-publish","4":"has-post-thumbnail","6":"product_cat-domaca-raba","8":"first","9":"instock","10":"sale","11":"shipping-taxable","12":"purchasable","13":"product-type-simple"},"_links":{"self":[{"href":"https:\/\/www.renew.si\/en\/wp-json\/wp\/v2\/product\/386","targetHints":{"allow":["GET"]}}],"collection":[{"href":"https:\/\/www.renew.si\/en\/wp-json\/wp\/v2\/product"}],"about":[{"href":"https:\/\/www.renew.si\/en\/wp-json\/wp\/v2\/types\/product"}],"replies":[{"embeddable":true,"href":"https:\/\/www.renew.si\/en\/wp-json\/wp\/v2\/comments?post=386"}],"wp:featuredmedia":[{"embeddable":true,"href":"https:\/\/www.renew.si\/en\/wp-json\/wp\/v2\/media\/1588"}],"wp:attachment":[{"href":"https:\/\/www.renew.si\/en\/wp-json\/wp\/v2\/media?parent=386"}],"wp:term":[{"taxonomy":"product_brand","embeddable":true,"href":"https:\/\/www.renew.si\/en\/wp-json\/wp\/v2\/product_brand?post=386"},{"taxonomy":"product_cat","embeddable":true,"href":"https:\/\/www.renew.si\/en\/wp-json\/wp\/v2\/product_cat?post=386"},{"taxonomy":"product_tag","embeddable":true,"href":"https:\/\/www.renew.si\/en\/wp-json\/wp\/v2\/product_tag?post=386"}],"curies":[{"name":"wp","href":"https:\/\/api.w.org\/{rel}","templated":true}]}}